{"id":1198,"date":"2024-04-05T23:50:11","date_gmt":"2024-04-05T21:50:11","guid":{"rendered":"https:\/\/neu.cruisevision.tv\/?page_id=1198"},"modified":"2024-04-05T23:55:49","modified_gmt":"2024-04-05T21:55:49","slug":"datenschutz","status":"publish","type":"page","link":"https:\/\/www.cruisevision.tv\/de\/datenschutz\/","title":{"rendered":"Datenschutz"},"content":{"rendered":"\t\t<div data-elementor-type=\"wp-page\" data-elementor-id=\"1198\" class=\"elementor elementor-1198\" data-elementor-post-type=\"page\">\n\t\t\t\t<div class=\"elementor-element elementor-element-36462aa e-flex e-con-boxed e-con e-parent\" data-id=\"36462aa\" data-element_type=\"container\" data-e-type=\"container\" data-settings=\"{&quot;background_background&quot;:&quot;video&quot;,&quot;background_video_link&quot;:&quot;https:\\\/\\\/www.cruisevision.tv\\\/wp-content\\\/uploads\\\/sea_bg.mp4&quot;}\">\n\t\t\t\t\t<div class=\"e-con-inner\">\n\t\t<div class=\"elementor-background-video-container elementor-hidden-mobile\">\n\t\t\t\t\t\t\t<video class=\"elementor-background-video-hosted\" role=\"presentation\" autoplay muted playsinline loop><\/video>\n\t\t\t\t\t<\/div>\t\t<div class=\"elementor-element elementor-element-896bf1f elementor-widget elementor-widget-image\" data-id=\"896bf1f\" data-element_type=\"widget\" data-e-type=\"widget\" data-widget_type=\"image.default\">\n\t\t\t\t<div class=\"elementor-widget-container\">\n\t\t\t\t\t\t\t\t\t\t\t\t\t\t\t<img decoding=\"async\" src=\"https:\/\/www.cruisevision.tv\/wp-content\/uploads\/elementor\/thumbs\/02-Hamburg_027--scaled-qma1yg0c3wrzsme7aw7m18pzozuhxiee0fmib1mvug.jpg\" title=\"02-Hamburg_027-\" alt=\"02-Hamburg_027-\" loading=\"lazy\" \/>\t\t\t\t\t\t\t\t\t\t\t\t\t\t\t<\/div>\n\t\t\t\t<\/div>\n\t\t\t\t\t<\/div>\n\t\t\t\t<\/div>\n\t\t<div class=\"elementor-element elementor-element-b4eb9a8 e-flex e-con-boxed e-con e-parent\" data-id=\"b4eb9a8\" data-element_type=\"container\" data-e-type=\"container\">\n\t\t\t\t\t<div class=\"e-con-inner\">\n\t\t<div class=\"elementor-element elementor-element-7b03270 e-flex e-con-boxed e-con e-child\" data-id=\"7b03270\" data-element_type=\"container\" data-e-type=\"container\">\n\t\t\t\t\t<div class=\"e-con-inner\">\n\t\t\t\t<div class=\"elementor-element elementor-element-8a39302 elementor-widget elementor-widget-heading\" data-id=\"8a39302\" data-element_type=\"widget\" data-e-type=\"widget\" data-widget_type=\"heading.default\">\n\t\t\t\t<div class=\"elementor-widget-container\">\n\t\t\t\t\t<h1 class=\"elementor-heading-title elementor-size-default\">Datenschutzerkl\u00e4rung<\/h1>\t\t\t\t<\/div>\n\t\t\t\t<\/div>\n\t\t\t\t<div class=\"elementor-element elementor-element-8af4d77 elementor-widget elementor-widget-text-editor\" data-id=\"8af4d77\" data-element_type=\"widget\" data-e-type=\"widget\" data-widget_type=\"text-editor.default\">\n\t\t\t\t<div class=\"elementor-widget-container\">\n\t\t\t\t\t\t\t\t\t<ul><li><strong> 1 Information \u00fcber die Erhebung personenbezogener Daten<\/strong><\/li><\/ul><p>(1) Im Folgenden informieren wir \u00fcber die Erhebung personenbezogener Daten bei Nutzung unserer Website. Personenbezogene Daten sind alle Daten, die auf Sie pers\u00f6nlich beziehbar sind, z. B. Name, Adresse, E-Mail-Adressen, Nutzerverhalten.<\/p><p>(2) Verantwortlicher gem. Art. 4 Abs. 7 EU-Datenschutz-Grundverordnung (DS-GVO) ist CruiseVision GmbH, Jessenstr. 4, 22767 Hamburg, Telefon: 040\/398046\u20130, Telefax: 040\/398046\u201320, E-Mail: <a href=\"https:\/\/www.cruisevision.tv\/de\/kontakt-service\/\">Kontaktformular<\/a>.<\/p><p>(3) Bei Ihrer Kontaktaufnahme mit uns per E-Mail oder \u00fcber ein Kontaktformular werden die von Ihnen mitgeteilten Daten (Ihre E-Mail-Adresse, ggf. Ihr Name und Ihre Telefonnummer) von uns gespeichert, um Ihre Fragen zu beantworten. Die in diesem Zusammenhang anfallenden Daten l\u00f6schen wir, nachdem die Speicherung nicht mehr erforderlich ist, oder schr\u00e4nken die Verarbeitung ein, falls gesetzliche Aufbewahrungspflichten bestehen.<\/p><p>(4) Falls wir f\u00fcr einzelne Funktionen unseres Angebots auf beauftragte Dienstleister zur\u00fcckgreifen oder Ihre Daten f\u00fcr werbliche Zwecke nutzen m\u00f6chten, werden wir Sie untenstehend im Detail \u00fcber die jeweiligen Vorg\u00e4nge informieren. Dabei nennen wir auch die festgelegten Kriterien der Speicherdauer.<\/p><p>(5) Unsere\/n Datenschutzbeauftragte\/n erreichen Sie unter: datenschutzbeauftragter@cruisevision.tv<\/p><ul><li><strong> 2 Ihre Rechte<\/strong><\/li><\/ul><p>(1) Sie haben gegen\u00fcber uns folgende Rechte hinsichtlich der Sie betreffenden personenbezogenen Daten:<\/p><p>\u2013\u00a0\u00a0\u00a0\u00a0\u00a0\u00a0\u00a0\u00a0\u00a0 Recht auf Auskunft,<\/p><p>\u2013\u00a0\u00a0\u00a0\u00a0\u00a0\u00a0\u00a0\u00a0\u00a0 Recht auf Berichtigung oder L\u00f6schung,<\/p><p>\u2013\u00a0\u00a0\u00a0\u00a0\u00a0\u00a0\u00a0\u00a0\u00a0 Recht auf Einschr\u00e4nkung der Verarbeitung,<\/p><p>\u2013\u00a0\u00a0\u00a0\u00a0\u00a0\u00a0\u00a0\u00a0\u00a0 Recht auf Widerspruch gegen die Verarbeitung,<\/p><p>\u2013\u00a0\u00a0\u00a0\u00a0\u00a0\u00a0\u00a0\u00a0\u00a0 Recht auf Daten\u00fcbertragbarkeit.<\/p><p>(2) Sie haben zudem das Recht, sich bei einer Datenschutz-Aufsichtsbeh\u00f6rde \u00fcber die Verarbeitung Ihrer personenbezogenen Daten durch uns zu beschweren. Sie k\u00f6nnen sich hierf\u00fcr an die Aufsichtsbeh\u00f6rde unseres Firmensitzes wenden. Die Adresse finden Sie unter nachfolgendem Link im Internet: <a href=\"https:\/\/www.bfdi.bund.de\/DE\/Infothek\/Anschriften_Links\/anschriften_links-node.html\" target=\"_blank\" rel=\"noopener\">https:\/\/www.bfdi.bund.de\/DE\/Infothek\/Anschriften_Links\/anschriften_links-node.html<\/a><\/p><ul><li><strong> 3 Erhebung personenbezogener Daten bei Besuch unserer Website<\/strong><\/li><\/ul><p>(1) Bei der blo\u00df informatorischen Nutzung der Website, also wenn Sie sich nicht registrieren oder uns anderweitig Informationen \u00fcbermitteln, erheben wir nur die personenbezogenen Daten, die Ihr Browser an unseren Server \u00fcbermittelt. Wenn Sie unsere Website betrachten m\u00f6chten, erheben wir die folgenden Daten, die f\u00fcr uns technisch erforderlich sind, um Ihnen unsere Website anzuzeigen und die Stabilit\u00e4t und Sicherheit zu gew\u00e4hrleisten (Rechtsgrundlage ist Art. 6 Abs. 1 S. 1 lit. f DS-GVO):<\/p><p>\u2013\u00a0\u00a0\u00a0\u00a0\u00a0\u00a0\u00a0\u00a0\u00a0 IP-Adresse<\/p><p>\u2013\u00a0\u00a0\u00a0\u00a0\u00a0\u00a0\u00a0\u00a0\u00a0 Datum und Uhrzeit der Anfrage<\/p><p>\u2013\u00a0\u00a0\u00a0\u00a0\u00a0\u00a0\u00a0\u00a0\u00a0 Zeitzonendifferenz zur Greenwich Mean Time (GMT)<\/p><p>\u2013\u00a0\u00a0\u00a0\u00a0\u00a0\u00a0\u00a0\u00a0\u00a0 Inhalt der Anforderung (konkrete Seite)<\/p><p>\u2013\u00a0\u00a0\u00a0\u00a0\u00a0\u00a0\u00a0\u00a0\u00a0 Zugriffsstatus\/HTTP-Statuscode<\/p><p>\u2013\u00a0\u00a0\u00a0\u00a0\u00a0\u00a0\u00a0\u00a0\u00a0 jeweils \u00fcbertragene Datenmenge<\/p><p>\u2013\u00a0\u00a0\u00a0\u00a0\u00a0\u00a0\u00a0\u00a0\u00a0 Website, von der die Anforderung kommt<\/p><p>\u2013\u00a0\u00a0\u00a0\u00a0\u00a0\u00a0\u00a0\u00a0\u00a0 Browser<\/p><p>\u2013\u00a0\u00a0\u00a0\u00a0\u00a0\u00a0\u00a0\u00a0\u00a0 Betriebssystem und dessen Oberfl\u00e4che<\/p><p>\u2013\u00a0\u00a0\u00a0\u00a0\u00a0\u00a0\u00a0\u00a0\u00a0 Sprache und Version der Browsersoftware.<\/p><p>Diese Daten werden lediglich f\u00fcr 60 Tage gespeichert und dann automatisch gel\u00f6scht.<\/p><p>(2) Zus\u00e4tzlich zu den zuvor genannten Daten werden bei Ihrer Nutzung unserer Website Cookies auf Ihrem Rechner gespeichert. Bei Cookies handelt es sich um kleine Textdateien, die auf Ihrer Festplatte dem von Ihnen verwendeten Browser zugeordnet gespeichert werden und durch welche der Stelle, die den Cookie setzt (hier durch uns), bestimmte Informationen zuflie\u00dfen. Cookies k\u00f6nnen keine Programme ausf\u00fchren oder Viren auf Ihren Computer \u00fcbertragen. Sie dienen dazu, das Internetangebot insgesamt nutzerfreundlicher und effektiver zu machen.<\/p><p>(3) Einsatz von Cookies:<\/p><ol><li>a) Diese Website nutzt folgende Arten von Cookies, deren Umfang und Funktionsweise im Folgenden erl\u00e4utert werden:<\/li><\/ol><p>\u2013\u00a0\u00a0\u00a0\u00a0\u00a0\u00a0\u00a0\u00a0\u00a0 Transiente Cookies (dazu b)<\/p><p>\u2013\u00a0\u00a0\u00a0\u00a0\u00a0\u00a0\u00a0\u00a0\u00a0 Persistente Cookies (dazu c).<\/p><ol><li>b) Transiente Cookies werden automatisiert gel\u00f6scht, wenn Sie den Browser schlie\u00dfen. Dazu z\u00e4hlen insbesondere die Session-Cookies. Diese speichern eine sogenannte Session-ID, mit welcher sich verschiedene Anfragen Ihres Browsers der gemeinsamen Sitzung zuordnen lassen. Dadurch kann Ihr Rechner wiedererkannt werden, wenn Sie auf unsere Website zur\u00fcckkehren. Die Session-Cookies werden gel\u00f6scht, wenn Sie sich ausloggen oder den Browser schlie\u00dfen.<\/li><\/ol><ol><li>c) Persistente Cookies werden automatisiert nach einer vorgegebenen Dauer gel\u00f6scht, die sich je nach Cookie unterscheiden kann. Sie k\u00f6nnen die Cookies in den Sicherheitseinstellungen Ihres Browsers jederzeit l\u00f6schen.<\/li><\/ol><ol><li>d) Sie k\u00f6nnen Ihre Browser-Einstellung entsprechend Ihren W\u00fcnschen konfigurieren und z. B. die Annahme von Third-Party-Cookies oder allen Cookies ablehnen. Wir weisen Sie darauf hin, dass Sie eventuell nicht alle Funktionen dieser Website nutzen k\u00f6nnen.<\/li><\/ol><ul><li><strong> 4 Weitere Funktionen und Angebote unserer Website<\/strong><\/li><\/ul><p>(1) Neben der rein informatorischen Nutzung unserer Website bieten wir verschiedene Leistungen an, die Sie bei Interesse nutzen k\u00f6nnen. Dazu m\u00fcssen Sie in der Regel weitere personenbezogene Daten angeben, die wir zur Erbringung der jeweiligen Leistung nutzen und f\u00fcr die die zuvor genannten Grunds\u00e4tze zur Datenverarbeitung gelten.<\/p><p>(2) Teilweise bedienen wir uns zur Verarbeitung Ihrer Daten externer Dienstleister. Diese wurden von uns sorgf\u00e4ltig ausgew\u00e4hlt und beauftragt, sind an unsere Weisungen gebunden und werden regelm\u00e4\u00dfig kontrolliert.<\/p><p>(3) Weiterhin k\u00f6nnen wir Ihre personenbezogenen Daten an Dritte weitergeben, wenn Aktionsteilnahmen, Gewinnspiele, Vertragsabschl\u00fcsse oder \u00e4hnliche Leistungen von uns gemeinsam mit Partnern angeboten werden. N\u00e4here Informationen hierzu erhalten Sie bei Angabe Ihrer personenbezogenen Daten oder untenstehend in der Beschreibung des Angebotes.<\/p><p>(4) Soweit unsere Dienstleister oder Partner ihren Sitz in einem Staat au\u00dferhalb des Europ\u00e4ischen Wirtschaftsraumen (EWR) haben, informieren wir Sie \u00fcber die Folgen dieses Umstands in der Beschreibung des Angebotes.<\/p><ul><li><strong> 5 Widerspruch oder Widerruf gegen die Verarbeitung Ihrer Daten<\/strong><\/li><\/ul><p>(1) Falls Sie eine Einwilligung zur Verarbeitung Ihrer Daten erteilt haben, k\u00f6nnen Sie diese jederzeit widerrufen. Ein solcher Widerruf beeinflusst die Zul\u00e4ssigkeit der Verarbeitung Ihrer personenbezogenen Daten, nachdem Sie ihn gegen\u00fcber uns ausgesprochen haben.<\/p><p>(2) Soweit wir die Verarbeitung Ihrer personenbezogenen Daten auf die Interessenabw\u00e4gung st\u00fctzen, k\u00f6nnen Sie Widerspruch gegen die Verarbeitung einlegen. Dies ist der Fall, wenn die Verarbeitung insbesondere nicht zur Erf\u00fcllung eines Vertrags mit Ihnen erforderlich ist, was von uns jeweils bei der nachfolgenden Beschreibung der Funktionen dargestellt wird. Bei Aus\u00fcbung eines solchen Widerspruchs bitten wir um Darlegung der Gr\u00fcnde, weshalb wir Ihre personenbezogenen Daten nicht wie von uns durchgef\u00fchrt verarbeiten sollten. Im Falle Ihres begr\u00fcndeten Widerspruchs pr\u00fcfen wir die Sachlage und werden entweder die Datenverarbeitung einstellen bzw. anpassen oder Ihnen unsere zwingenden schutzw\u00fcrdigen Gr\u00fcnde aufzeigen, aufgrund derer wir die Verarbeitung fortf\u00fchren.<\/p><p>(3) Selbstverst\u00e4ndlich k\u00f6nnen Sie der Verarbeitung Ihrer personenbezogenen Daten f\u00fcr Zwecke der Werbung und Datenanalyse jederzeit widersprechen. \u00dcber Ihren Werbewiderspruch k\u00f6nnen Sie uns unter folgenden Kontaktdaten informieren: CruiseVision GmbH, Jessenstr. 4, 22767 Hamburg, Telefon: 040\/398046\u201321, Telefax: 040\/398046\u201320, E-Mail: <a href=\"https:\/\/www.cruisevision.tv\/web\/kontakt\">Kontaktformular<\/a>.<\/p><p><strong>\u00a0<\/strong><\/p><ul><li><strong> 6 Social Media<\/strong><\/li><\/ul><ol><li><strong> Einbindung von YouTube-Videos<\/strong><\/li><\/ol><p>(1) Wir haben YouTube-Videos in unser Online-Angebot eingebunden, die auf http:\/\/www.YouTube.com gespeichert sind und von unserer Website aus direkt abspielbar sind. [Diese sind alle im \u201eerweiterten Datenschutz-Modus\u201c eingebunden, d. h., dass keine Daten \u00fcber Sie als Nutzer an YouTube \u00fcbertragen werden, wenn Sie die Videos nicht abspielen. Erst wenn Sie die Videos abspielen, werden die in Absatz 2 genannten Daten \u00fcbertragen. Auf diese Daten\u00fcbertragung haben wir keinen Einfluss.]<\/p><p>(2) Durch den Besuch auf der Website erh\u00e4lt YouTube die Information, dass Sie die entsprechende Unterseite unserer Website aufgerufen haben. Zudem werden die unter \u00a7 3 dieser Erkl\u00e4rung genannten Daten \u00fcbermittelt. Dies erfolgt unabh\u00e4ngig davon, ob YouTube ein Nutzerkonto bereitstellt, \u00fcber das Sie eingeloggt sind, oder ob kein Nutzerkonto besteht. Wenn Sie bei Google eingeloggt sind, werden Ihre Daten direkt Ihrem Konto zugeordnet. Wenn Sie die Zuordnung mit Ihrem Profil bei YouTube nicht w\u00fcnschen, m\u00fcssen Sie sich vor Aktivierung des Buttons ausloggen. YouTube speichert Ihre Daten als Nutzungsprofile und nutzt sie f\u00fcr Zwecke der Werbung, Marktforschung und\/oder bedarfsgerechten Gestaltung seiner Website. Eine solche Auswertung erfolgt insbesondere (selbst f\u00fcr nicht eingeloggte Nutzer) zur Erbringung von bedarfsgerechter Werbung und um andere Nutzer des sozialen Netzwerks \u00fcber Ihre Aktivit\u00e4ten auf unserer Website zu informieren. Ihnen steht ein Widerspruchsrecht zu gegen die Bildung dieser Nutzerprofile, wobei Sie sich zur Aus\u00fcbung dessen an YouTube richten m\u00fcssen.<\/p><p>(3) Weitere Informationen zu Zweck und Umfang der Datenerhebung und ihrer Verarbeitung durch YouTube erhalten Sie in der Datenschutzerkl\u00e4rung. Dort erhalten Sie auch weitere Informationen zu Ihren Rechten und Einstellungsm\u00f6glichkeiten zum Schutze Ihrer Privatsph\u00e4re: https:\/\/www.google.de\/intl\/de\/policies\/privacy. Google verarbeitet Ihre personenbezogenen Daten auch in den USA und hat sich dem EU-US-Privacy-Shield unterworfen, https:\/\/www.privacyshield.gov\/EU-US-Framework.<\/p><ol start=\"2\"><li><strong> Onlinepr\u00e4senzen in sozialen Netzwerken<\/strong><\/li><\/ol><p>Wir unterhalten Unternehmensseiten bzw. -Accounts in den sozialen Netzwerken Facebook, Instagram, YouTube und LinkedIn, um auf unser Unternehmen und unsere Produkte aufmerksam zu machen und Ihnen die Kontaktaufnahme mit unserem Unternehmen zu vereinfachen. Bei Aufruf unserer Profilseiten k\u00f6nnen wir nicht ausschlie\u00dfen, dass die Plattformanbieter Ihre personenbezogenen Daten erheben und verarbeiten. Dabei haben wir weder Einfluss auf die erhobenen Daten und Datenverarbeitungsvorg\u00e4nge, noch sind uns der Umfang der Datenerhebung, die Zwecke der Verarbeitung oder die Speicherfristen bekannt. Auch zur L\u00f6schung der erhobenen Daten durch die Anbieter Sozialer Netzwerke liegen uns keine vollst\u00e4ndigen Informationen vor. Neben der Datenverarbeitung durch die Plattformanbieter verarbeiten wir weitere personenbezogene Daten, wenn Sie \u00fcber soziale Netzwerke Kontakt zu uns aufnehmen. Rechtsgrundlage f\u00fcr den Betrieb dieser Seiten und die damit verbundene Datenverarbeitung ist unser berechtigtes Interesse gem\u00e4\u00df Art. 6 Abs. 1 lit. f DS-GVO daran, unseren Kunden und anderen Interessierten eine an die technischen und zeitgem\u00e4\u00dfen Standards angepasste M\u00f6glichkeit zur Information und Kontaktaufnahme zur Verf\u00fcgung zu stellen. Falls die Nutzer von den jeweiligen Betreibern der Plattformen um eine Einwilligung in die vorbeschriebene Datenverarbeitung gebeten werden, ist die Rechtsgrundlage der Verarbeitung Art. 6 Abs. 1 lit. a), Art. 7 DS-GVO.<\/p><p>Bei Aufruf unserer Unternehmensprofile kann au\u00dferdem nicht ausgeschlossen werden, dass Daten au\u00dferhalb der Europ\u00e4ischen Union bzw. des Europ\u00e4ischen Wirtschaftsraumes (EWR) verarbeitet werden.<\/p><p><strong>Facebook<\/strong><\/p><p>Auf Facebook betreiben wir eine Unternehmensseite unter dem Namen CruiseVision GmbH. Mit uns gemeinsam verantwortlich f\u00fcr die Verarbeitung personenbezogener Daten im Zusammenhang mit dieser Seite ist die Facebook Ireland Ltd., 5 Grand Canal Square, Grand Canal Harbour, Dublin 2 Ireland. Im Rahmen des Betriebs dieser Seite erhebt und verarbeitet Facebook personenbezogene Daten zu Zwecken der Werbung, Erstellung von Nutzerprofilen und zur Marktforschung. Insbesondere werden durch Facebook Insight Statistiken erstellt, die es uns erm\u00f6glichen, genauere Informationen \u00fcber die Besucher dieser Facebook-Seite zu erhalten (https:\/\/www.facebook.com\/business\/a\/page\/page-insights). Die Ergebnisse dieser Seiten-Insights k\u00f6nnen auf der Erhebung personenbezogener Daten durch Facebook, beispielsweise durch das Setzen von Cookies, beruhen. Die erhobenen Daten selbst k\u00f6nnen wir nicht einsehen, sondern nur auf diesen beruhende Insights und Statistiken. Die Daten von Besuchern unserer Facebook-Seite werden auch dann verarbeitet, wenn der Besucher selbst keinen Account bei Facebook hat. Im Zusammenhang mit den Insights haben wir mit Facebook eine Seiten-Insights-Erg\u00e4nzung geschlossen, die Sie unter dem folgenden Link einsehen k\u00f6nnen: <a href=\"https:\/\/www.facebook.com\/legal\/terms\/page_controller_addendum\">https:\/\/www.facebook.com\/legal\/terms\/page_controller_addendum<\/a>. Aus diesem ergibt sich, dass prim\u00e4r Facebook f\u00fcr die Verarbeitung der Daten verantwortlich ist. Ihre Betroffenenrechte k\u00f6nnen Sie sowohl bei uns als auch bei Facebook geltend machen. Weitere Informationen hierzu finden Sie in der Datenrichtlinie von Facebook unter: <a href=\"https:\/\/de-de.facebook.com\/policy.php\">https:\/\/de-de.facebook.com\/policy.php<\/a>.<\/p><p>Wir haben mit Facebook EU-Standarddatenschutzklauseln vereinbart. Wir haben Facebook au\u00dferdem die Vereinbarung von EU-Standarddatenschutzklauseln vorgeschlagen, die nach den aktuellen Anforderungen der Datenschutzaufsichtsbeh\u00f6rden erg\u00e4nzt wurden. Sofern Facebook die Verwendung dieser ge\u00e4nderten Datenschutzklauseln best\u00e4tigt, wird hierdurch sichergestellt, dass auch bei einem Datentransfer in die USA ein der DSGVO entsprechendes Datenschutzniveau gew\u00e4hrleistet ist.<\/p><p><strong>Instagram<\/strong><\/p><p>Auf Instagram betreiben wir eine Unternehmensseite unter dem Namen cruise.vision. Verantwortlicher f\u00fcr die Datenverarbeitung durch Instagram ist ebenfalls Facebook Ireland Ltd., 5 Grand Canal Square, Grand Canal Harbour, Dublin 2 Ireland. Im Rahmen des Betriebs dieser Seite erhebt und verarbeitet Instagram personenbezogene Daten zu Zwecken der Werbung, Erstellung von Nutzerprofilen und zur Marktforschung. Insbesondere werden durch Instagram Insights Statistiken erstellt, die es uns erm\u00f6glichen, genauere Informationen \u00fcber die Besucher unserer Instagram-Seite zu erhalten. Die Ergebnisse dieser Seiten-Insights k\u00f6nnen auf der Erhebung personenbezogener Daten durch Instagram, beispielsweise durch das Setzen von Cookies, beruhen. Die erhobenen Daten selbst k\u00f6nnen wir nicht einsehen, sondern nur auf diesen beruhende Insights und Statistiken. Die Daten von Besuchern unserer Instagram-Seite werden auch dann verarbeitet, wenn der Besucher dort selbst keinen Account hat. Weitere Informationen finden Sie in der Datenschutzrichtlinie von Instagram unter <a href=\"https:\/\/help.instagram.com\/519522125107875?helpref=page_content\">https:\/\/help.instagram.com\/519522125107875?helpref=page_content<\/a>.<\/p><p><strong>YouTube<\/strong><\/p><p>Auf YouTube betreiben wir einen Account unter dem Namen CruiseVision. Verantwortlich f\u00fcr die Verarbeitung personenbezogener Daten im Zusammenhang mit dem Aufruf dieser Seite ist Google Ireland Ltd., Gordon House, Barrow Street, Dublin 4, Ireland. Dabei werden neben den von Ihnen eingegebenen Daten wie Name, Nutzername, E-Mail-Adresse und Telefonnummer weitere Daten von YouTube selbst erhoben. Es kommt dann unabh\u00e4ngig davon, ob Sie selbst einen Account bei YouTube haben, zu einer Datenverarbeitung. Dabei werden von YouTube unter Umst\u00e4nden auch Analyse-Tools wie Google Analytics verwendet. Diese dienen etwa dem besseren Verst\u00e4ndnis von Nutzerverhalten und umgekehrt auch der Optimierung und Personalisierung der Nutzung durch YouTube. Ein Teil der Daten wird uns als Betreiber eines YouTube-Kanals in anonymisierter Form oder als Statistik-Daten zur Verf\u00fcgung gestellt. Eine Identifizierung einzelner Besucher unseres Kanals ist uns auf Grundlage dieser Daten nicht m\u00f6glich. Dabei k\u00f6nnen wir lediglich die Kategorien von Daten und Besuchern bestimmen, anhand derer uns anonymisierte Statistiken zur Verf\u00fcgung gestellt werden. Dar\u00fcber hinaus haben wir keinen Einfluss auf Art und Umst\u00e4nde der Datenverarbeitung durch YouTube und insofern auch keine Kontrollm\u00f6glichkeiten. Auch ein Abstellen dieser Datenverarbeitung ist uns nicht m\u00f6glich.<\/p><p>Weitere Informationen k\u00f6nnen der Datenschutzerkl\u00e4rung von Google entnommen werden: http:\/\/www.google.de\/intl\/de\/policies\/privacy.<\/p><p>Wir haben YouTube um die Vereinbarung von EU-Standarddatenschutzklauseln gebeten, die nach den aktuellen Anforderungen der Datenschutzaufsichtsbeh\u00f6rden erg\u00e4nzt wurden. Sofern YouTube die Verwendung dieser ge\u00e4nderten Datenschutzklauseln best\u00e4tigt, wird hierdurch sichergestellt, dass auch bei einem Datentransfer in die USA ein der DSGVO entsprechendes Datenschutzniveau gew\u00e4hrleistet ist.<\/p><p><strong>LinkedIn<\/strong><\/p><p>Auf LinkedIn unterhalten wir eine Unternehmensseite unter dem Namen Cruisevision GmbH. Verantwortlich f\u00fcr die Datenverarbeitung im Zusammenhang mit unserer Pr\u00e4senz ist die LinkedIn Ireland Unlimited Company, Wilton Place, Dublin 2, Ireland.<\/p><p>Dabei werden neben den von Ihnen eingegebenen Daten wie Name, Nutzername, E-Mail-Adresse und Telefonnummer weitere Daten von LinkedIn selbst erhoben. Es kommt dann unabh\u00e4ngig davon, ob Sie selbst einen Account bei LinkedIn haben, zu einer Datenverarbeitung. Unter Umst\u00e4nden werden dabei von LinkedIn unter Umst\u00e4nden auch verwendet. Diese dienen etwa dem besseren Verst\u00e4ndnis von Nutzerverhalten und umgekehrt auch der Optimierung und Personalisierung der Nutzung durch LinkedIn. Ein Teil der Daten wird uns als Betreiber einer LinkedIn-Seite in anonymisierter Form oder als Statistik-Daten zur Verf\u00fcgung gestellt. Eine Identifizierung einzelner Besucher unserer Seite ist uns auf Grundlage dieser Daten nicht m\u00f6glich. Dabei k\u00f6nnen wir lediglich die Kategorien von Daten und Besuchern bestimmen, anhand derer uns anonymisierte Statistiken zur Verf\u00fcgung gestellt werden. Dar\u00fcber hinaus haben wir keinen Einfluss auf Art und Umst\u00e4nde der Datenverarbeitung durch YouTube und insofern auch keine Kontrollm\u00f6glichkeiten. Auch ein Abstellen dieser Datenverarbeitung ist uns nicht m\u00f6glich.<\/p><p>Weitere Informationen k\u00f6nnen der Datenschutzerkl\u00e4rung von LinkedIn entnommen werden: http:\/\/www.linkedin.com\/legal\/privacy-policy.<\/p><p>Wir haben LinkedIn um die Vereinbarung von EU-Standarddatenschutzklauseln gebeten, die nach den aktuellen Anforderungen der Datenschutzaufsichtsbeh\u00f6rden erg\u00e4nzt wurden. Sofern LinkedIn die Verwendung dieser ge\u00e4nderten Datenschutzklauseln best\u00e4tigt, wird hierdurch sichergestellt, dass auch bei einem Datentransfer in die USA ein der DSGVO entsprechendes Datenschutzniveau gew\u00e4hrleistet ist.<\/p><ul><li><strong> 8 Datensicherheit<\/strong><\/li><\/ul><p>(1) Wir haben technische und organisatorische Sicherheitsma\u00dfnahmen getroffen um den unerw\u00fcnschten Zugriff auf Ihre Daten zu verhindern. Wir haben unsere Mitarbeiter verpflichtet vertraulich und sorgf\u00e4ltig mit personenbezogenen Daten umzugehen. Dar\u00fcber hinaus sind alle Dienstleister von uns kontrolliert worden. Wir verwenden innerhalb des Website-Besuchs das verbreitete SSL-Verfahren (Secure Socket Layer) in Verbindung mit der jeweils h\u00f6chsten Verschl\u00fcsselungsstufe, die von Ihrem Browser unterst\u00fctzt wird. In der Regel handelt es sich dabei um eine 256 Bit Verschl\u00fcsselung. Falls Ihr Browser keine 256-Bit Verschl\u00fcsselung unterst\u00fctzt, greifen wir stattdessen auf 128-Bit v3 Technologie zur\u00fcck. Ob eine einzelne Seite unseres Internetauftrittes verschl\u00fcsselt \u00fcbertragen wird, erkennen Sie an der geschlossenen Darstellung des Sch\u00fcssel- beziehungsweise Schloss-Symbols in der unteren Statusleiste Ihres Browsers.<\/p><p>(2) Wir bedienen uns im \u00dcbrigen geeigneter technischer und organisatorischer Sicherheitsma\u00dfnahmen, um Ihre Daten gegen zuf\u00e4llige oder vors\u00e4tzliche Manipulationen, teilweisen oder vollst\u00e4ndigen Verlust, Zerst\u00f6rung oder gegen den unbefugten Zugriff Dritter zu sch\u00fctzen. Unsere Sicherheitsma\u00dfnahmen werden entsprechend der technologischen Entwicklung fortlaufend verbessert.<\/p>\t\t\t\t\t\t\t\t<\/div>\n\t\t\t\t<\/div>\n\t\t\t\t\t<\/div>\n\t\t\t\t<\/div>\n\t\t\t\t\t<\/div>\n\t\t\t\t<\/div>\n\t\t\t\t<\/div>\n\t\t","protected":false},"excerpt":{"rendered":"<p>Datenschutzerkl\u00e4rung 1 Information \u00fcber die Erhebung personenbezogener Daten (1) Im Folgenden informieren wir \u00fcber die Erhebung personenbezogener Daten bei Nutzung unserer Website. Personenbezogene Daten sind alle Daten, die auf Sie pers\u00f6nlich beziehbar sind, z. B. Name, Adresse, E-Mail-Adressen, Nutzerverhalten. (2) Verantwortlicher gem. Art. 4 Abs. 7 EU-Datenschutz-Grundverordnung (DS-GVO) ist CruiseVision GmbH, Jessenstr. 4, 22767 Hamburg, [&hellip;]<\/p>\n","protected":false},"author":1,"featured_media":0,"parent":0,"menu_order":95,"comment_status":"closed","ping_status":"closed","template":"","meta":{"inline_featured_image":false,"footnotes":""},"class_list":["post-1198","page","type-page","status-publish","hentry"],"_links":{"self":[{"href":"https:\/\/www.cruisevision.tv\/de\/wp-json\/wp\/v2\/pages\/1198","targetHints":{"allow":["GET"]}}],"collection":[{"href":"https:\/\/www.cruisevision.tv\/de\/wp-json\/wp\/v2\/pages"}],"about":[{"href":"https:\/\/www.cruisevision.tv\/de\/wp-json\/wp\/v2\/types\/page"}],"author":[{"embeddable":true,"href":"https:\/\/www.cruisevision.tv\/de\/wp-json\/wp\/v2\/users\/1"}],"replies":[{"embeddable":true,"href":"https:\/\/www.cruisevision.tv\/de\/wp-json\/wp\/v2\/comments?post=1198"}],"version-history":[{"count":7,"href":"https:\/\/www.cruisevision.tv\/de\/wp-json\/wp\/v2\/pages\/1198\/revisions"}],"predecessor-version":[{"id":1207,"href":"https:\/\/www.cruisevision.tv\/de\/wp-json\/wp\/v2\/pages\/1198\/revisions\/1207"}],"wp:attachment":[{"href":"https:\/\/www.cruisevision.tv\/de\/wp-json\/wp\/v2\/media?parent=1198"}],"curies":[{"name":"wp","href":"https:\/\/api.w.org\/{rel}","templated":true}]}}