{"id":2,"date":"2023-08-11T23:17:59","date_gmt":"2023-08-11T21:17:59","guid":{"rendered":"https:\/\/neu.cruisevision.tv\/?page_id=2"},"modified":"2024-04-08T09:23:41","modified_gmt":"2024-04-08T07:23:41","slug":"home","status":"publish","type":"page","link":"https:\/\/www.cruisevision.tv\/de\/","title":{"rendered":"Home"},"content":{"rendered":"\t\t<div data-elementor-type=\"wp-page\" data-elementor-id=\"2\" class=\"elementor elementor-2\" data-elementor-post-type=\"page\">\n\t\t\t\t<div class=\"elementor-element elementor-element-047e56a e-flex e-con-boxed e-con e-parent\" data-id=\"047e56a\" data-element_type=\"container\" data-e-type=\"container\" data-settings=\"{&quot;background_background&quot;:&quot;classic&quot;}\">\n\t\t\t\t\t<div class=\"e-con-inner\">\n\t\t<div class=\"elementor-element elementor-element-fbcdeda e-con-full e-flex e-con e-child\" data-id=\"fbcdeda\" data-element_type=\"container\" data-e-type=\"container\">\n\t\t\t\t<div class=\"elementor-element elementor-element-ab7dba9 elementor-widget elementor-widget-heading\" data-id=\"ab7dba9\" data-element_type=\"widget\" data-e-type=\"widget\" data-widget_type=\"heading.default\">\n\t\t\t\t<div class=\"elementor-widget-container\">\n\t\t\t\t\t<h1 class=\"elementor-heading-title elementor-size-default\">L\u00e4cheln ist das,<br>was uns antreibt.<\/h1>\t\t\t\t<\/div>\n\t\t\t\t<\/div>\n\t\t\t\t<div class=\"elementor-element elementor-element-7deeefa elementor-widget elementor-widget-text-editor\" data-id=\"7deeefa\" data-element_type=\"widget\" data-e-type=\"widget\" data-widget_type=\"text-editor.default\">\n\t\t\t\t<div class=\"elementor-widget-container\">\n\t\t\t\t\t\t\t\t\t<p>Wir von CruiseVision sind mit unseren Foto- und Filmteams weltweit t\u00e4glich im Einsatz, um die sch\u00f6nsten Urlaubsmomente unserer G\u00e4ste f\u00fcr die Ewigkeit zu bewahren.<\/p><p>Als Full-Service-Agentur bieten wir dar\u00fcber hinaus ein vollumf\u00e4ngliches Spektrum technischer Innovationen, Hard- und Software sowie On-Demand Produktionen im Bereich Foto und Bewegtbild.<\/p>\t\t\t\t\t\t\t\t<\/div>\n\t\t\t\t<\/div>\n\t\t\t\t<div class=\"elementor-element elementor-element-88322ed elementor-mobile-align-center elementor-widget elementor-widget-button\" data-id=\"88322ed\" data-element_type=\"widget\" data-e-type=\"widget\" data-widget_type=\"button.default\">\n\t\t\t\t<div class=\"elementor-widget-container\">\n\t\t\t\t\t\t\t\t\t<div class=\"elementor-button-wrapper\">\n\t\t\t\t\t<a class=\"elementor-button elementor-button-link elementor-size-xl\" href=\"https:\/\/www.cruisevision.tv\/de\/cruisevision\/\">\n\t\t\t\t\t\t<span class=\"elementor-button-content-wrapper\">\n\t\t\t\t\t\t\t\t\t<span class=\"elementor-button-text\">mehr \u00fcber uns<\/span>\n\t\t\t\t\t<\/span>\n\t\t\t\t\t<\/a>\n\t\t\t\t<\/div>\n\t\t\t\t\t\t\t\t<\/div>\n\t\t\t\t<\/div>\n\t\t\t\t<\/div>\n\t\t<div class=\"elementor-element elementor-element-1f1cb68 e-con-full e-flex e-con e-child\" data-id=\"1f1cb68\" data-element_type=\"container\" data-e-type=\"container\">\n\t\t\t\t<div class=\"elementor-element elementor-element-ea8252a elementor-widget elementor-widget-image\" data-id=\"ea8252a\" data-element_type=\"widget\" data-e-type=\"widget\" data-widget_type=\"image.default\">\n\t\t\t\t<div class=\"elementor-widget-container\">\n\t\t\t\t\t\t\t\t\t\t\t\t\t\t\t<img fetchpriority=\"high\" decoding=\"async\" width=\"800\" height=\"534\" src=\"https:\/\/www.cruisevision.tv\/wp-content\/uploads\/2023\/08\/7135-0009-F-scaled-e1692128831900-1024x684.jpg\" class=\"attachment-large size-large wp-image-127\" alt=\"\" srcset=\"https:\/\/www.cruisevision.tv\/wp-content\/uploads\/2023\/08\/7135-0009-F-scaled-e1692128831900-1024x684.jpg 1024w, https:\/\/www.cruisevision.tv\/wp-content\/uploads\/2023\/08\/7135-0009-F-scaled-e1692128831900-300x200.jpg 300w, https:\/\/www.cruisevision.tv\/wp-content\/uploads\/2023\/08\/7135-0009-F-scaled-e1692128831900-768x513.jpg 768w, https:\/\/www.cruisevision.tv\/wp-content\/uploads\/2023\/08\/7135-0009-F-scaled-e1692128831900-1536x1026.jpg 1536w, https:\/\/www.cruisevision.tv\/wp-content\/uploads\/2023\/08\/7135-0009-F-scaled-e1692128831900-2048x1368.jpg 2048w\" sizes=\"(max-width: 800px) 100vw, 800px\" \/>\t\t\t\t\t\t\t\t\t\t\t\t\t\t\t<\/div>\n\t\t\t\t<\/div>\n\t\t\t\t<\/div>\n\t\t\t\t\t<\/div>\n\t\t\t\t<\/div>\n\t\t<div class=\"elementor-element elementor-element-325793a e-con-full e-flex e-con e-parent\" data-id=\"325793a\" data-element_type=\"container\" data-e-type=\"container\" id=\"next\" data-settings=\"{&quot;background_background&quot;:&quot;classic&quot;}\">\n\t\t<div class=\"elementor-element elementor-element-3953c74 e-con-full e-flex e-con e-child\" data-id=\"3953c74\" data-element_type=\"container\" data-e-type=\"container\">\n\t\t\t\t<div class=\"elementor-element elementor-element-c580f31 elementor-widget elementor-widget-heading\" data-id=\"c580f31\" data-element_type=\"widget\" data-e-type=\"widget\" data-widget_type=\"heading.default\">\n\t\t\t\t<div class=\"elementor-widget-container\">\n\t\t\t\t\t<h3 class=\"elementor-heading-title elementor-size-default\">Services<\/h3>\t\t\t\t<\/div>\n\t\t\t\t<\/div>\n\t\t<div class=\"elementor-element elementor-element-df0d290 e-con-full e-flex e-con e-child\" data-id=\"df0d290\" data-element_type=\"container\" data-e-type=\"container\">\n\t\t<div class=\"elementor-element elementor-element-91001af e-con-full e-flex e-con e-child\" data-id=\"91001af\" data-element_type=\"container\" data-e-type=\"container\" data-settings=\"{&quot;background_background&quot;:&quot;classic&quot;}\">\n\t\t\t\t<div class=\"elementor-element elementor-element-325a392 elementor-cta--skin-classic elementor-animated-content elementor-bg-transform elementor-bg-transform-zoom-in elementor-widget elementor-widget-call-to-action\" data-id=\"325a392\" data-element_type=\"widget\" data-e-type=\"widget\" data-widget_type=\"call-to-action.default\">\n\t\t\t\t<div class=\"elementor-widget-container\">\n\t\t\t\t\t\t\t<a class=\"elementor-cta\" href=\"https:\/\/www.cruisevision.tv\/de\/reisefilme-filmproduktion\/\">\n\t\t\t\t\t<div class=\"elementor-cta__bg-wrapper\">\n\t\t\t\t<div class=\"elementor-cta__bg elementor-bg\" style=\"background-image: url(https:\/\/www.cruisevision.tv\/wp-content\/uploads\/Shooting-Bug-und-Ring-02-768x512.jpg);\" role=\"img\" aria-label=\"Shooting Bug und Ring-02\"><\/div>\n\t\t\t\t<div class=\"elementor-cta__bg-overlay\"><\/div>\n\t\t\t<\/div>\n\t\t\t\t\t\t\t<div class=\"elementor-cta__content\">\n\t\t\t\t\n\t\t\t\t\t\t\t\t\t<h2 class=\"elementor-cta__title elementor-cta__content-item elementor-content-item\">\n\t\t\t\t\t\tFotografie\t\t\t\t\t<\/h2>\n\t\t\t\t\n\t\t\t\t\n\t\t\t\t\t\t\t\t\t<div class=\"elementor-cta__button-wrapper elementor-cta__content-item elementor-content-item \">\n\t\t\t\t\t<span class=\"elementor-cta__button elementor-button elementor-size-lg\">\n\t\t\t\t\t\tmehr erfahren\t\t\t\t\t<\/span>\n\t\t\t\t\t<\/div>\n\t\t\t\t\t\t\t<\/div>\n\t\t\t\t\t\t<\/a>\n\t\t\t\t\t\t<\/div>\n\t\t\t\t<\/div>\n\t\t\t\t<\/div>\n\t\t<div class=\"elementor-element elementor-element-1277d10 e-con-full e-flex e-con e-child\" data-id=\"1277d10\" data-element_type=\"container\" data-e-type=\"container\" data-settings=\"{&quot;background_background&quot;:&quot;classic&quot;}\">\n\t\t\t\t<div class=\"elementor-element elementor-element-91f8b81 elementor-cta--skin-classic elementor-animated-content elementor-bg-transform elementor-bg-transform-zoom-in elementor-widget elementor-widget-call-to-action\" data-id=\"91f8b81\" data-element_type=\"widget\" data-e-type=\"widget\" data-widget_type=\"call-to-action.default\">\n\t\t\t\t<div class=\"elementor-widget-container\">\n\t\t\t\t\t\t\t<a class=\"elementor-cta\" href=\"https:\/\/www.cruisevision.tv\/de\/bilder-erlebniswelt\/\">\n\t\t\t\t\t<div class=\"elementor-cta__bg-wrapper\">\n\t\t\t\t<div class=\"elementor-cta__bg elementor-bg\" style=\"background-image: url(https:\/\/www.cruisevision.tv\/wp-content\/uploads\/Mein-Schiff-5-Fotogalerie-768x342.jpg);\" role=\"img\" aria-label=\"Mein Schiff 5 Fotogalerie\"><\/div>\n\t\t\t\t<div class=\"elementor-cta__bg-overlay\"><\/div>\n\t\t\t<\/div>\n\t\t\t\t\t\t\t<div class=\"elementor-cta__content\">\n\t\t\t\t\n\t\t\t\t\t\t\t\t\t<h2 class=\"elementor-cta__title elementor-cta__content-item elementor-content-item\">\n\t\t\t\t\t\tBilder-Erlebniswelt\t\t\t\t\t<\/h2>\n\t\t\t\t\n\t\t\t\t\n\t\t\t\t\t\t\t\t\t<div class=\"elementor-cta__button-wrapper elementor-cta__content-item elementor-content-item \">\n\t\t\t\t\t<span class=\"elementor-cta__button elementor-button elementor-size-lg\">\n\t\t\t\t\t\tmehr erfahren\t\t\t\t\t<\/span>\n\t\t\t\t\t<\/div>\n\t\t\t\t\t\t\t<\/div>\n\t\t\t\t\t\t<\/a>\n\t\t\t\t\t\t<\/div>\n\t\t\t\t<\/div>\n\t\t\t\t<\/div>\n\t\t<div class=\"elementor-element elementor-element-91e2e8d e-con-full e-flex e-con e-child\" data-id=\"91e2e8d\" data-element_type=\"container\" data-e-type=\"container\" data-settings=\"{&quot;background_background&quot;:&quot;classic&quot;}\">\n\t\t\t\t<div class=\"elementor-element elementor-element-6cf777c elementor-cta--skin-classic elementor-animated-content elementor-bg-transform elementor-bg-transform-zoom-in elementor-widget elementor-widget-call-to-action\" data-id=\"6cf777c\" data-element_type=\"widget\" data-e-type=\"widget\" data-widget_type=\"call-to-action.default\">\n\t\t\t\t<div class=\"elementor-widget-container\">\n\t\t\t\t\t\t\t<a class=\"elementor-cta\" href=\"https:\/\/www.cruisevision.tv\/de\/reisefilme-filmproduktion\/\">\n\t\t\t\t\t<div class=\"elementor-cta__bg-wrapper\">\n\t\t\t\t<div class=\"elementor-cta__bg elementor-bg\" style=\"background-image: url(https:\/\/www.cruisevision.tv\/wp-content\/uploads\/2023\/10\/LTDUuVhEhm-v-768x512.webp);\" role=\"img\" aria-label=\"LTDUuVhEhm-v\"><\/div>\n\t\t\t\t<div class=\"elementor-cta__bg-overlay\"><\/div>\n\t\t\t<\/div>\n\t\t\t\t\t\t\t<div class=\"elementor-cta__content\">\n\t\t\t\t\n\t\t\t\t\t\t\t\t\t<h2 class=\"elementor-cta__title elementor-cta__content-item elementor-content-item\">\n\t\t\t\t\t\tReisefilme &amp; Filmproduktion\t\t\t\t\t<\/h2>\n\t\t\t\t\n\t\t\t\t\n\t\t\t\t\t\t\t\t\t<div class=\"elementor-cta__button-wrapper elementor-cta__content-item elementor-content-item \">\n\t\t\t\t\t<span class=\"elementor-cta__button elementor-button elementor-size-lg\">\n\t\t\t\t\t\tmehr erfahren\t\t\t\t\t<\/span>\n\t\t\t\t\t<\/div>\n\t\t\t\t\t\t\t<\/div>\n\t\t\t\t\t\t<\/a>\n\t\t\t\t\t\t<\/div>\n\t\t\t\t<\/div>\n\t\t\t\t<\/div>\n\t\t<div class=\"elementor-element elementor-element-fd904ea e-con-full e-flex e-con e-child\" data-id=\"fd904ea\" data-element_type=\"container\" data-e-type=\"container\" data-settings=\"{&quot;background_background&quot;:&quot;classic&quot;}\">\n\t\t\t\t<div class=\"elementor-element elementor-element-b339fdf elementor-cta--skin-classic elementor-animated-content elementor-bg-transform elementor-bg-transform-zoom-in elementor-widget elementor-widget-call-to-action\" data-id=\"b339fdf\" data-element_type=\"widget\" data-e-type=\"widget\" data-widget_type=\"call-to-action.default\">\n\t\t\t\t<div class=\"elementor-widget-container\">\n\t\t\t\t\t\t\t<a class=\"elementor-cta\" href=\"https:\/\/www.cruisevision.tv\/de\/bike\/\">\n\t\t\t\t\t<div class=\"elementor-cta__bg-wrapper\">\n\t\t\t\t<div class=\"elementor-cta__bg elementor-bg\" style=\"background-image: url(https:\/\/www.cruisevision.tv\/wp-content\/uploads\/PhoenixPilotOkt2021-0022--768x512.jpg);\" role=\"img\" aria-label=\"PhoenixPilotOkt2021-0022-\"><\/div>\n\t\t\t\t<div class=\"elementor-cta__bg-overlay\"><\/div>\n\t\t\t<\/div>\n\t\t\t\t\t\t\t<div class=\"elementor-cta__content\">\n\t\t\t\t\n\t\t\t\t\t\t\t\t\t<h2 class=\"elementor-cta__title elementor-cta__content-item elementor-content-item\">\n\t\t\t\t\t\tCruiseVision Bike\t\t\t\t\t<\/h2>\n\t\t\t\t\n\t\t\t\t\n\t\t\t\t\t\t\t\t\t<div class=\"elementor-cta__button-wrapper elementor-cta__content-item elementor-content-item \">\n\t\t\t\t\t<span class=\"elementor-cta__button elementor-button elementor-size-lg\">\n\t\t\t\t\t\tmehr erfahren\t\t\t\t\t<\/span>\n\t\t\t\t\t<\/div>\n\t\t\t\t\t\t\t<\/div>\n\t\t\t\t\t\t<\/a>\n\t\t\t\t\t\t<\/div>\n\t\t\t\t<\/div>\n\t\t\t\t<\/div>\n\t\t\t\t<\/div>\n\t\t\t\t<\/div>\n\t\t\t\t<\/div>\n\t\t<div class=\"elementor-element elementor-element-6043f2a e-con-full e-flex e-con e-parent\" data-id=\"6043f2a\" data-element_type=\"container\" data-e-type=\"container\">\n\t\t<div class=\"elementor-element elementor-element-d2ee780 e-con-full e-flex e-con e-child\" data-id=\"d2ee780\" data-element_type=\"container\" data-e-type=\"container\">\n\t\t<div class=\"elementor-element elementor-element-7f5fd10 e-con-full e-flex e-con e-child\" data-id=\"7f5fd10\" data-element_type=\"container\" data-e-type=\"container\">\n\t\t\t\t<div class=\"elementor-element elementor-element-cc35f65 elementor-widget elementor-widget-image\" data-id=\"cc35f65\" data-element_type=\"widget\" data-e-type=\"widget\" data-widget_type=\"image.default\">\n\t\t\t\t<div class=\"elementor-widget-container\">\n\t\t\t\t\t\t\t\t\t\t\t\t\t\t\t<img decoding=\"async\" width=\"768\" height=\"512\" src=\"https:\/\/www.cruisevision.tv\/wp-content\/uploads\/Fusion_new-768x512.jpg\" class=\"attachment-medium_large size-medium_large wp-image-287\" alt=\"\" srcset=\"https:\/\/www.cruisevision.tv\/wp-content\/uploads\/Fusion_new-768x512.jpg 768w, https:\/\/www.cruisevision.tv\/wp-content\/uploads\/Fusion_new-300x200.jpg 300w, https:\/\/www.cruisevision.tv\/wp-content\/uploads\/Fusion_new-1024x683.jpg 1024w, https:\/\/www.cruisevision.tv\/wp-content\/uploads\/Fusion_new-1536x1024.jpg 1536w, https:\/\/www.cruisevision.tv\/wp-content\/uploads\/Fusion_new-rotated.jpg 1800w\" sizes=\"(max-width: 768px) 100vw, 768px\" \/>\t\t\t\t\t\t\t\t\t\t\t\t\t\t\t<\/div>\n\t\t\t\t<\/div>\n\t\t\t\t<div class=\"elementor-element elementor-element-cf74af5 elementor-widget elementor-widget-image\" data-id=\"cf74af5\" data-element_type=\"widget\" data-e-type=\"widget\" data-widget_type=\"image.default\">\n\t\t\t\t<div class=\"elementor-widget-container\">\n\t\t\t\t\t\t\t\t\t\t\t\t\t\t\t<img decoding=\"async\" width=\"768\" height=\"510\" src=\"https:\/\/www.cruisevision.tv\/wp-content\/uploads\/2023\/08\/Geiranger-058-768x510.jpg\" class=\"attachment-medium_large size-medium_large wp-image-44\" alt=\"\" srcset=\"https:\/\/www.cruisevision.tv\/wp-content\/uploads\/2023\/08\/Geiranger-058-768x510.jpg 768w, https:\/\/www.cruisevision.tv\/wp-content\/uploads\/2023\/08\/Geiranger-058-300x199.jpg 300w, https:\/\/www.cruisevision.tv\/wp-content\/uploads\/2023\/08\/Geiranger-058-1024x680.jpg 1024w, https:\/\/www.cruisevision.tv\/wp-content\/uploads\/2023\/08\/Geiranger-058-1536x1020.jpg 1536w, https:\/\/www.cruisevision.tv\/wp-content\/uploads\/2023\/08\/Geiranger-058-2048x1360.jpg 2048w\" sizes=\"(max-width: 768px) 100vw, 768px\" \/>\t\t\t\t\t\t\t\t\t\t\t\t\t\t\t<\/div>\n\t\t\t\t<\/div>\n\t\t\t\t<div class=\"elementor-element elementor-element-b2caaab elementor-widget elementor-widget-image\" data-id=\"b2caaab\" data-element_type=\"widget\" data-e-type=\"widget\" data-widget_type=\"image.default\">\n\t\t\t\t<div class=\"elementor-widget-container\">\n\t\t\t\t\t\t\t\t\t\t\t\t\t\t\t<img loading=\"lazy\" decoding=\"async\" width=\"768\" height=\"513\" src=\"https:\/\/www.cruisevision.tv\/wp-content\/uploads\/Fotobuch-12-von-14-768x513.jpg\" class=\"attachment-medium_large size-medium_large wp-image-289\" alt=\"\" srcset=\"https:\/\/www.cruisevision.tv\/wp-content\/uploads\/Fotobuch-12-von-14-768x513.jpg 768w, https:\/\/www.cruisevision.tv\/wp-content\/uploads\/elementor\/thumbs\/Fotobuch-12-von-14-scaled-qi1twzolhmcwqs0cds34b65hnqpnf8ldtn2a74q1n4.jpg 300w, https:\/\/www.cruisevision.tv\/wp-content\/uploads\/Fotobuch-12-von-14-1024x683.jpg 1024w, https:\/\/www.cruisevision.tv\/wp-content\/uploads\/Fotobuch-12-von-14-1536x1025.jpg 1536w, https:\/\/www.cruisevision.tv\/wp-content\/uploads\/Fotobuch-12-von-14-2048x1367.jpg 2048w\" sizes=\"(max-width: 768px) 100vw, 768px\" \/>\t\t\t\t\t\t\t\t\t\t\t\t\t\t\t<\/div>\n\t\t\t\t<\/div>\n\t\t\t\t<\/div>\n\t\t<div class=\"elementor-element elementor-element-db91339 e-con-full e-flex e-con e-child\" data-id=\"db91339\" data-element_type=\"container\" data-e-type=\"container\">\n\t\t\t\t<div class=\"elementor-element elementor-element-f6f8751 elementor-widget elementor-widget-image\" data-id=\"f6f8751\" data-element_type=\"widget\" data-e-type=\"widget\" data-widget_type=\"image.default\">\n\t\t\t\t<div class=\"elementor-widget-container\">\n\t\t\t\t\t\t\t\t\t\t\t\t\t\t\t<img loading=\"lazy\" decoding=\"async\" width=\"768\" height=\"342\" src=\"https:\/\/www.cruisevision.tv\/wp-content\/uploads\/Mein-Schiff-5-Fotogalerie-768x342.jpg\" class=\"attachment-medium_large size-medium_large wp-image-291\" alt=\"\" srcset=\"https:\/\/www.cruisevision.tv\/wp-content\/uploads\/Mein-Schiff-5-Fotogalerie-768x342.jpg 768w, https:\/\/www.cruisevision.tv\/wp-content\/uploads\/Mein-Schiff-5-Fotogalerie-300x134.jpg 300w, https:\/\/www.cruisevision.tv\/wp-content\/uploads\/Mein-Schiff-5-Fotogalerie-1024x456.jpg 1024w, https:\/\/www.cruisevision.tv\/wp-content\/uploads\/Mein-Schiff-5-Fotogalerie-1536x684.jpg 1536w, https:\/\/www.cruisevision.tv\/wp-content\/uploads\/Mein-Schiff-5-Fotogalerie-2048x912.jpg 2048w\" sizes=\"(max-width: 768px) 100vw, 768px\" \/>\t\t\t\t\t\t\t\t\t\t\t\t\t\t\t<\/div>\n\t\t\t\t<\/div>\n\t\t\t\t<div class=\"elementor-element elementor-element-2f4dddc elementor-widget elementor-widget-image\" data-id=\"2f4dddc\" data-element_type=\"widget\" data-e-type=\"widget\" data-widget_type=\"image.default\">\n\t\t\t\t<div class=\"elementor-widget-container\">\n\t\t\t\t\t\t\t\t\t\t\t\t\t\t\t<img loading=\"lazy\" decoding=\"async\" width=\"768\" height=\"512\" src=\"https:\/\/www.cruisevision.tv\/wp-content\/uploads\/2023\/08\/BO5A1246-768x512.jpg\" class=\"attachment-medium_large size-medium_large wp-image-135\" alt=\"\" srcset=\"https:\/\/www.cruisevision.tv\/wp-content\/uploads\/2023\/08\/BO5A1246-768x512.jpg 768w, https:\/\/www.cruisevision.tv\/wp-content\/uploads\/2023\/08\/BO5A1246-300x200.jpg 300w, https:\/\/www.cruisevision.tv\/wp-content\/uploads\/2023\/08\/BO5A1246-1024x683.jpg 1024w, https:\/\/www.cruisevision.tv\/wp-content\/uploads\/2023\/08\/BO5A1246-1536x1024.jpg 1536w, https:\/\/www.cruisevision.tv\/wp-content\/uploads\/2023\/08\/BO5A1246-2048x1365.jpg 2048w, https:\/\/www.cruisevision.tv\/wp-content\/uploads\/2023\/08\/BO5A1246-scaled-e1692129619690.jpg 1200w\" sizes=\"(max-width: 768px) 100vw, 768px\" \/>\t\t\t\t\t\t\t\t\t\t\t\t\t\t\t<\/div>\n\t\t\t\t<\/div>\n\t\t\t\t<div class=\"elementor-element elementor-element-0f85387 elementor-widget elementor-widget-image\" data-id=\"0f85387\" data-element_type=\"widget\" data-e-type=\"widget\" data-widget_type=\"image.default\">\n\t\t\t\t<div class=\"elementor-widget-container\">\n\t\t\t\t\t\t\t\t\t\t\t\t\t\t\t<img loading=\"lazy\" decoding=\"async\" width=\"768\" height=\"512\" src=\"https:\/\/www.cruisevision.tv\/wp-content\/uploads\/10-Gold-Harbour_042--768x512.jpg\" class=\"attachment-medium_large size-medium_large wp-image-294\" alt=\"\" srcset=\"https:\/\/www.cruisevision.tv\/wp-content\/uploads\/10-Gold-Harbour_042--768x512.jpg 768w, https:\/\/www.cruisevision.tv\/wp-content\/uploads\/10-Gold-Harbour_042--300x200.jpg 300w, https:\/\/www.cruisevision.tv\/wp-content\/uploads\/10-Gold-Harbour_042--1024x683.jpg 1024w, https:\/\/www.cruisevision.tv\/wp-content\/uploads\/10-Gold-Harbour_042--1536x1024.jpg 1536w, https:\/\/www.cruisevision.tv\/wp-content\/uploads\/10-Gold-Harbour_042--2048x1366.jpg 2048w\" sizes=\"(max-width: 768px) 100vw, 768px\" \/>\t\t\t\t\t\t\t\t\t\t\t\t\t\t\t<\/div>\n\t\t\t\t<\/div>\n\t\t\t\t<\/div>\n\t\t\t\t<\/div>\n\t\t<div class=\"elementor-element elementor-element-71e11ff e-con-full e-flex e-con e-child\" data-id=\"71e11ff\" data-element_type=\"container\" data-e-type=\"container\">\n\t\t\t\t<div class=\"elementor-element elementor-element-278514d elementor-widget elementor-widget-heading\" data-id=\"278514d\" data-element_type=\"widget\" data-e-type=\"widget\" data-widget_type=\"heading.default\">\n\t\t\t\t<div class=\"elementor-widget-container\">\n\t\t\t\t\t<h3 class=\"elementor-heading-title elementor-size-default\">Einzigartig<\/h3>\t\t\t\t<\/div>\n\t\t\t\t<\/div>\n\t\t\t\t<div class=\"elementor-element elementor-element-192bcd6 elementor-widget elementor-widget-text-editor\" data-id=\"192bcd6\" data-element_type=\"widget\" data-e-type=\"widget\" data-widget_type=\"text-editor.default\">\n\t\t\t\t<div class=\"elementor-widget-container\">\n\t\t\t\t\t\t\t\t\t<p>Online wie offline &#8211; vor Ort und Zuhause: unsere Bilder-Erlebniswelt bietet Kunden vor, w\u00e4hrend und nach der Reise eine gro\u00dfe Produktvielfalt.<\/p><p>Aus dem Markenerlebnis vor Ort entsteht so ein verl\u00e4ngertes Produkterlebnis im heimischen Wohnzimmer auch \u00fcber den Reisezeitraum hinaus.<\/p>\t\t\t\t\t\t\t\t<\/div>\n\t\t\t\t<\/div>\n\t\t\t\t<div class=\"elementor-element elementor-element-5836b30 elementor-mobile-align-center elementor-widget elementor-widget-button\" data-id=\"5836b30\" data-element_type=\"widget\" data-e-type=\"widget\" data-widget_type=\"button.default\">\n\t\t\t\t<div class=\"elementor-widget-container\">\n\t\t\t\t\t\t\t\t\t<div class=\"elementor-button-wrapper\">\n\t\t\t\t\t<a class=\"elementor-button elementor-button-link elementor-size-xl\" href=\"https:\/\/www.cruisevision.tv\/de\/bilder-erlebniswelt\/\">\n\t\t\t\t\t\t<span class=\"elementor-button-content-wrapper\">\n\t\t\t\t\t\t\t\t\t<span class=\"elementor-button-text\">mehr erfahren<\/span>\n\t\t\t\t\t<\/span>\n\t\t\t\t\t<\/a>\n\t\t\t\t<\/div>\n\t\t\t\t\t\t\t\t<\/div>\n\t\t\t\t<\/div>\n\t\t\t\t<\/div>\n\t\t\t\t<\/div>\n\t\t\t\t<\/div>\n\t\t","protected":false},"excerpt":{"rendered":"<p>L\u00e4cheln ist das,was uns antreibt. Wir von CruiseVision sind mit unseren Foto- und Filmteams weltweit t\u00e4glich im Einsatz, um die sch\u00f6nsten Urlaubsmomente unserer G\u00e4ste f\u00fcr die Ewigkeit zu bewahren. Als Full-Service-Agentur bieten wir dar\u00fcber hinaus ein vollumf\u00e4ngliches Spektrum technischer Innovationen, Hard- und Software sowie On-Demand Produktionen im Bereich Foto und Bewegtbild. mehr \u00fcber uns Services [&hellip;]<\/p>\n","protected":false},"author":1,"featured_media":0,"parent":0,"menu_order":0,"comment_status":"closed","ping_status":"closed","template":"","meta":{"inline_featured_image":false,"footnotes":""},"class_list":["post-2","page","type-page","status-publish","hentry"],"_links":{"self":[{"href":"https:\/\/www.cruisevision.tv\/de\/wp-json\/wp\/v2\/pages\/2","targetHints":{"allow":["GET"]}}],"collection":[{"href":"https:\/\/www.cruisevision.tv\/de\/wp-json\/wp\/v2\/pages"}],"about":[{"href":"https:\/\/www.cruisevision.tv\/de\/wp-json\/wp\/v2\/types\/page"}],"author":[{"embeddable":true,"href":"https:\/\/www.cruisevision.tv\/de\/wp-json\/wp\/v2\/users\/1"}],"replies":[{"embeddable":true,"href":"https:\/\/www.cruisevision.tv\/de\/wp-json\/wp\/v2\/comments?post=2"}],"version-history":[{"count":217,"href":"https:\/\/www.cruisevision.tv\/de\/wp-json\/wp\/v2\/pages\/2\/revisions"}],"predecessor-version":[{"id":1311,"href":"https:\/\/www.cruisevision.tv\/de\/wp-json\/wp\/v2\/pages\/2\/revisions\/1311"}],"wp:attachment":[{"href":"https:\/\/www.cruisevision.tv\/de\/wp-json\/wp\/v2\/media?parent=2"}],"curies":[{"name":"wp","href":"https:\/\/api.w.org\/{rel}","templated":true}]}}