{"id":621,"date":"2024-04-04T15:25:10","date_gmt":"2024-04-04T13:25:10","guid":{"rendered":"https:\/\/neu.cruisevision.tv\/?page_id=621"},"modified":"2024-04-06T00:04:55","modified_gmt":"2024-04-05T22:04:55","slug":"bilder-erlebniswelt","status":"publish","type":"page","link":"https:\/\/www.cruisevision.tv\/de\/bilder-erlebniswelt\/","title":{"rendered":"Bilder-Erlebniswelt"},"content":{"rendered":"\t\t<div data-elementor-type=\"wp-page\" data-elementor-id=\"621\" class=\"elementor elementor-621\" data-elementor-post-type=\"page\">\n\t\t\t\t<div class=\"elementor-element elementor-element-6109c0d e-flex e-con-boxed e-con e-parent\" data-id=\"6109c0d\" data-element_type=\"container\" data-e-type=\"container\" data-settings=\"{&quot;background_background&quot;:&quot;video&quot;,&quot;background_video_link&quot;:&quot;https:\\\/\\\/www.cruisevision.tv\\\/wp-content\\\/uploads\\\/sea_bg.mp4&quot;}\">\n\t\t\t\t\t<div class=\"e-con-inner\">\n\t\t<div class=\"elementor-background-video-container elementor-hidden-mobile\">\n\t\t\t\t\t\t\t<video class=\"elementor-background-video-hosted\" role=\"presentation\" autoplay muted playsinline loop><\/video>\n\t\t\t\t\t<\/div>\t\t<div class=\"elementor-element elementor-element-989c298 elementor-widget elementor-widget-image\" data-id=\"989c298\" data-element_type=\"widget\" data-e-type=\"widget\" data-widget_type=\"image.default\">\n\t\t\t\t<div class=\"elementor-widget-container\">\n\t\t\t\t\t\t\t\t\t\t\t\t\t\t\t<img decoding=\"async\" src=\"https:\/\/www.cruisevision.tv\/wp-content\/uploads\/elementor\/thumbs\/fotogalerie_MS1-2-scaled-e1692129839550-qaypv43s9vhj859qc9pxe4ym6n8hh2tla79bluoewg.jpg\" title=\"fotogalerie_MS1-2\" alt=\"fotogalerie_MS1-2\" loading=\"lazy\" \/>\t\t\t\t\t\t\t\t\t\t\t\t\t\t\t<\/div>\n\t\t\t\t<\/div>\n\t\t\t\t\t<\/div>\n\t\t\t\t<\/div>\n\t\t<div class=\"elementor-element elementor-element-db44ba4 e-flex e-con-boxed e-con e-parent\" data-id=\"db44ba4\" data-element_type=\"container\" data-e-type=\"container\">\n\t\t\t\t\t<div class=\"e-con-inner\">\n\t\t<div class=\"elementor-element elementor-element-eb3251c e-flex e-con-boxed e-con e-child\" data-id=\"eb3251c\" data-element_type=\"container\" data-e-type=\"container\">\n\t\t\t\t\t<div class=\"e-con-inner\">\n\t\t\t\t<div class=\"elementor-element elementor-element-9e4cb2b elementor-widget elementor-widget-heading\" data-id=\"9e4cb2b\" data-element_type=\"widget\" data-e-type=\"widget\" data-widget_type=\"heading.default\">\n\t\t\t\t<div class=\"elementor-widget-container\">\n\t\t\t\t\t<h1 class=\"elementor-heading-title elementor-size-default\">Bilder-Erlebniswelt<\/h1>\t\t\t\t<\/div>\n\t\t\t\t<\/div>\n\t\t\t\t<div class=\"elementor-element elementor-element-498cadf elementor-widget elementor-widget-text-editor\" data-id=\"498cadf\" data-element_type=\"widget\" data-e-type=\"widget\" data-widget_type=\"text-editor.default\">\n\t\t\t\t<div class=\"elementor-widget-container\">\n\t\t\t\t\t\t\t\t\t<p>Unsere Bilder-Erlebniswelt ist in ihrer Kombination aus Hard- und Softwarekomponenten weltweit einmalig. Den Ausbauvariationen sind dabei keine Grenzen gesetzt.<\/p><p>Ausgestattet mit dem selbst entwickelten Phototagging, Werbedisplays und intuitiven Touch-Terminals k\u00f6nnen die G\u00e4ste an Bord schnell und einfach Ihre pers\u00f6nlichen Fotos zusammenstellen und bestellen. Die Ausgabe der Fotos erfolgt digital oder auf Papier \u2013 produziert wird nur das, was auch vom Passagier bestellt wird. Das System ist nachhaltig, ressourcenschonend und platzsparend.<\/p>\t\t\t\t\t\t\t\t<\/div>\n\t\t\t\t<\/div>\n\t\t\t\t\t<\/div>\n\t\t\t\t<\/div>\n\t\t\t\t\t<\/div>\n\t\t\t\t<\/div>\n\t\t<div class=\"elementor-element elementor-element-50aaad3 e-con-full e-flex e-con e-parent\" data-id=\"50aaad3\" data-element_type=\"container\" data-e-type=\"container\">\n\t\t<div class=\"elementor-element elementor-element-de09563 e-con-full e-flex e-con e-child\" data-id=\"de09563\" data-element_type=\"container\" data-e-type=\"container\">\n\t\t<div class=\"elementor-element elementor-element-28d4d1c e-con-full e-flex e-con e-child\" data-id=\"28d4d1c\" data-element_type=\"container\" data-e-type=\"container\">\n\t\t\t\t<div class=\"elementor-element elementor-element-4f96fa3 elementor-widget elementor-widget-image\" data-id=\"4f96fa3\" data-element_type=\"widget\" data-e-type=\"widget\" data-widget_type=\"image.default\">\n\t\t\t\t<div class=\"elementor-widget-container\">\n\t\t\t\t\t\t\t\t\t\t\t\t\t\t\t<img fetchpriority=\"high\" decoding=\"async\" width=\"768\" height=\"512\" src=\"https:\/\/www.cruisevision.tv\/wp-content\/uploads\/Galerie-0010--768x512.jpg\" class=\"attachment-medium_large size-medium_large wp-image-641\" alt=\"\" srcset=\"https:\/\/www.cruisevision.tv\/wp-content\/uploads\/Galerie-0010--768x512.jpg 768w, https:\/\/www.cruisevision.tv\/wp-content\/uploads\/Galerie-0010--300x200.jpg 300w, https:\/\/www.cruisevision.tv\/wp-content\/uploads\/Galerie-0010--1024x683.jpg 1024w, https:\/\/www.cruisevision.tv\/wp-content\/uploads\/Galerie-0010--1536x1025.jpg 1536w, https:\/\/www.cruisevision.tv\/wp-content\/uploads\/Galerie-0010--2048x1366.jpg 2048w\" sizes=\"(max-width: 768px) 100vw, 768px\" \/>\t\t\t\t\t\t\t\t\t\t\t\t\t\t\t<\/div>\n\t\t\t\t<\/div>\n\t\t\t\t<div class=\"elementor-element elementor-element-882878a elementor-widget elementor-widget-image\" data-id=\"882878a\" data-element_type=\"widget\" data-e-type=\"widget\" data-widget_type=\"image.default\">\n\t\t\t\t<div class=\"elementor-widget-container\">\n\t\t\t\t\t\t\t\t\t\t\t\t\t\t\t<img decoding=\"async\" width=\"768\" height=\"431\" src=\"https:\/\/www.cruisevision.tv\/wp-content\/uploads\/Screenshot_Fotogalerie_Guests-768x431.jpg\" class=\"attachment-medium_large size-medium_large wp-image-627\" alt=\"\" srcset=\"https:\/\/www.cruisevision.tv\/wp-content\/uploads\/Screenshot_Fotogalerie_Guests-768x431.jpg 768w, https:\/\/www.cruisevision.tv\/wp-content\/uploads\/Screenshot_Fotogalerie_Guests-300x168.jpg 300w, https:\/\/www.cruisevision.tv\/wp-content\/uploads\/Screenshot_Fotogalerie_Guests-1024x574.jpg 1024w, https:\/\/www.cruisevision.tv\/wp-content\/uploads\/Screenshot_Fotogalerie_Guests.jpg 1271w\" sizes=\"(max-width: 768px) 100vw, 768px\" \/>\t\t\t\t\t\t\t\t\t\t\t\t\t\t\t<\/div>\n\t\t\t\t<\/div>\n\t\t\t\t<div class=\"elementor-element elementor-element-b36ba66 elementor-widget elementor-widget-image\" data-id=\"b36ba66\" data-element_type=\"widget\" data-e-type=\"widget\" data-widget_type=\"image.default\">\n\t\t\t\t<div class=\"elementor-widget-container\">\n\t\t\t\t\t\t\t\t\t\t\t\t\t\t\t<img decoding=\"async\" width=\"768\" height=\"512\" src=\"https:\/\/www.cruisevision.tv\/wp-content\/uploads\/Galerie-PLM-stehen-768x512.jpg\" class=\"attachment-medium_large size-medium_large wp-image-1065\" alt=\"\" srcset=\"https:\/\/www.cruisevision.tv\/wp-content\/uploads\/Galerie-PLM-stehen-768x512.jpg 768w, https:\/\/www.cruisevision.tv\/wp-content\/uploads\/Galerie-PLM-stehen-300x200.jpg 300w, https:\/\/www.cruisevision.tv\/wp-content\/uploads\/Galerie-PLM-stehen-1024x683.jpg 1024w, https:\/\/www.cruisevision.tv\/wp-content\/uploads\/Galerie-PLM-stehen-1536x1024.jpg 1536w, https:\/\/www.cruisevision.tv\/wp-content\/uploads\/Galerie-PLM-stehen-2048x1365.jpg 2048w\" sizes=\"(max-width: 768px) 100vw, 768px\" \/>\t\t\t\t\t\t\t\t\t\t\t\t\t\t\t<\/div>\n\t\t\t\t<\/div>\n\t\t\t\t<div class=\"elementor-element elementor-element-dc96d18 elementor-widget elementor-widget-image\" data-id=\"dc96d18\" data-element_type=\"widget\" data-e-type=\"widget\" data-widget_type=\"image.default\">\n\t\t\t\t<div class=\"elementor-widget-container\">\n\t\t\t\t\t\t\t\t\t\t\t\t\t\t\t<img loading=\"lazy\" decoding=\"async\" width=\"642\" height=\"697\" src=\"https:\/\/www.cruisevision.tv\/wp-content\/uploads\/Screenshot_Fotogalerie_Desk.jpg\" class=\"attachment-medium_large size-medium_large wp-image-629\" alt=\"\" srcset=\"https:\/\/www.cruisevision.tv\/wp-content\/uploads\/Screenshot_Fotogalerie_Desk.jpg 642w, https:\/\/www.cruisevision.tv\/wp-content\/uploads\/Screenshot_Fotogalerie_Desk-276x300.jpg 276w\" sizes=\"(max-width: 642px) 100vw, 642px\" \/>\t\t\t\t\t\t\t\t\t\t\t\t\t\t\t<\/div>\n\t\t\t\t<\/div>\n\t\t\t\t<\/div>\n\t\t<div class=\"elementor-element elementor-element-db0992c e-con-full e-flex e-con e-child\" data-id=\"db0992c\" data-element_type=\"container\" data-e-type=\"container\">\n\t\t\t\t<div class=\"elementor-element elementor-element-07d204a elementor-widget elementor-widget-image\" data-id=\"07d204a\" data-element_type=\"widget\" data-e-type=\"widget\" data-widget_type=\"image.default\">\n\t\t\t\t<div class=\"elementor-widget-container\">\n\t\t\t\t\t\t\t\t\t\t\t\t\t\t\t<img loading=\"lazy\" decoding=\"async\" width=\"768\" height=\"342\" src=\"https:\/\/www.cruisevision.tv\/wp-content\/uploads\/Mein-Schiff-5-Fotogalerie-768x342.jpg\" class=\"attachment-medium_large size-medium_large wp-image-291\" alt=\"\" srcset=\"https:\/\/www.cruisevision.tv\/wp-content\/uploads\/Mein-Schiff-5-Fotogalerie-768x342.jpg 768w, https:\/\/www.cruisevision.tv\/wp-content\/uploads\/Mein-Schiff-5-Fotogalerie-300x134.jpg 300w, https:\/\/www.cruisevision.tv\/wp-content\/uploads\/Mein-Schiff-5-Fotogalerie-1024x456.jpg 1024w, https:\/\/www.cruisevision.tv\/wp-content\/uploads\/Mein-Schiff-5-Fotogalerie-1536x684.jpg 1536w, https:\/\/www.cruisevision.tv\/wp-content\/uploads\/Mein-Schiff-5-Fotogalerie-2048x912.jpg 2048w\" sizes=\"(max-width: 768px) 100vw, 768px\" \/>\t\t\t\t\t\t\t\t\t\t\t\t\t\t\t<\/div>\n\t\t\t\t<\/div>\n\t\t\t\t<div class=\"elementor-element elementor-element-337e623 elementor-widget elementor-widget-image\" data-id=\"337e623\" data-element_type=\"widget\" data-e-type=\"widget\" data-widget_type=\"image.default\">\n\t\t\t\t<div class=\"elementor-widget-container\">\n\t\t\t\t\t\t\t\t\t\t\t\t\t\t\t<img loading=\"lazy\" decoding=\"async\" width=\"768\" height=\"512\" src=\"https:\/\/www.cruisevision.tv\/wp-content\/uploads\/2023\/08\/fotogalerie_MS1-5-768x512.jpg\" class=\"attachment-medium_large size-medium_large wp-image-142\" alt=\"\" srcset=\"https:\/\/www.cruisevision.tv\/wp-content\/uploads\/2023\/08\/fotogalerie_MS1-5-768x512.jpg 768w, https:\/\/www.cruisevision.tv\/wp-content\/uploads\/2023\/08\/fotogalerie_MS1-5-300x200.jpg 300w, https:\/\/www.cruisevision.tv\/wp-content\/uploads\/2023\/08\/fotogalerie_MS1-5-1024x683.jpg 1024w, https:\/\/www.cruisevision.tv\/wp-content\/uploads\/2023\/08\/fotogalerie_MS1-5-1536x1024.jpg 1536w, https:\/\/www.cruisevision.tv\/wp-content\/uploads\/2023\/08\/fotogalerie_MS1-5-2048x1365.jpg 2048w\" sizes=\"(max-width: 768px) 100vw, 768px\" \/>\t\t\t\t\t\t\t\t\t\t\t\t\t\t\t<\/div>\n\t\t\t\t<\/div>\n\t\t\t\t<div class=\"elementor-element elementor-element-195430c elementor-widget elementor-widget-image\" data-id=\"195430c\" data-element_type=\"widget\" data-e-type=\"widget\" data-widget_type=\"image.default\">\n\t\t\t\t<div class=\"elementor-widget-container\">\n\t\t\t\t\t\t\t\t\t\t\t\t\t\t\t<img loading=\"lazy\" decoding=\"async\" width=\"800\" height=\"534\" src=\"https:\/\/www.cruisevision.tv\/wp-content\/uploads\/IMG_0130-1024x683.jpg\" class=\"attachment-large size-large wp-image-633\" alt=\"\" srcset=\"https:\/\/www.cruisevision.tv\/wp-content\/uploads\/IMG_0130-1024x683.jpg 1024w, https:\/\/www.cruisevision.tv\/wp-content\/uploads\/IMG_0130-300x200.jpg 300w, https:\/\/www.cruisevision.tv\/wp-content\/uploads\/IMG_0130-768x512.jpg 768w, https:\/\/www.cruisevision.tv\/wp-content\/uploads\/IMG_0130-1536x1024.jpg 1536w, https:\/\/www.cruisevision.tv\/wp-content\/uploads\/IMG_0130-2048x1365.jpg 2048w\" sizes=\"(max-width: 800px) 100vw, 800px\" \/>\t\t\t\t\t\t\t\t\t\t\t\t\t\t\t<\/div>\n\t\t\t\t<\/div>\n\t\t\t\t<\/div>\n\t\t\t\t<\/div>\n\t\t<div class=\"elementor-element elementor-element-b9be80e e-con-full e-flex e-con e-child\" data-id=\"b9be80e\" data-element_type=\"container\" data-e-type=\"container\">\n\t\t\t\t<div class=\"elementor-element elementor-element-6a80c35 elementor-widget elementor-widget-heading\" data-id=\"6a80c35\" data-element_type=\"widget\" data-e-type=\"widget\" data-widget_type=\"heading.default\">\n\t\t\t\t<div class=\"elementor-widget-container\">\n\t\t\t\t\t<h3 class=\"elementor-heading-title elementor-size-default\">Integriert<\/h3>\t\t\t\t<\/div>\n\t\t\t\t<\/div>\n\t\t\t\t<div class=\"elementor-element elementor-element-2632c9c elementor-widget elementor-widget-text-editor\" data-id=\"2632c9c\" data-element_type=\"widget\" data-e-type=\"widget\" data-widget_type=\"text-editor.default\">\n\t\t\t\t<div class=\"elementor-widget-container\">\n\t\t\t\t\t\t\t\t\t<p>Servicefreundlich und unterhaltsam, intuitiv und DSGVO-konform\u2013 mit unserer Bilder-Erlebniswelt bieten wir eine einzigartige Pr\u00e4sentation von Fotos und Filmen.<\/p><p>Dabei integrieren wir unsere L\u00f6sung stets in die r\u00e4umliche Situation und beachten W\u00fcnsche und Anforderungen des Kunden.<\/p><p>Unsere Komplettl\u00f6sung interagiert mit den Schnittstellen f\u00fchrender Hotel-Software und enth\u00e4lt eine eigene Auftragsverwaltung zur Abwicklung von Bestellungen aus dem Warenkorbsystem.<\/p>\t\t\t\t\t\t\t\t<\/div>\n\t\t\t\t<\/div>\n\t\t\t\t<\/div>\n\t\t\t\t<\/div>\n\t\t\t\t<section class=\"elementor-section elementor-top-section elementor-element elementor-element-5e846c8 elementor-section-content-middle elementor-reverse-tablet elementor-reverse-mobile elementor-section-boxed elementor-section-height-default elementor-section-height-default\" data-id=\"5e846c8\" data-element_type=\"section\" data-e-type=\"section\">\n\t\t\t\t\t\t<div class=\"elementor-container elementor-column-gap-no\">\n\t\t\t\t\t<div class=\"elementor-column elementor-col-50 elementor-top-column elementor-element elementor-element-d803ce1\" data-id=\"d803ce1\" data-element_type=\"column\" data-e-type=\"column\">\n\t\t\t<div class=\"elementor-widget-wrap elementor-element-populated\">\n\t\t\t\t\t\t<div class=\"elementor-element elementor-element-01d1311 elementor-widget elementor-widget-heading\" data-id=\"01d1311\" data-element_type=\"widget\" data-e-type=\"widget\" data-widget_type=\"heading.default\">\n\t\t\t\t<div class=\"elementor-widget-container\">\n\t\t\t\t\t<h2 class=\"elementor-heading-title elementor-size-default\">Photo-Tagging<\/h2>\t\t\t\t<\/div>\n\t\t\t\t<\/div>\n\t\t\t\t<div class=\"elementor-element elementor-element-19c84cf elementor-widget elementor-widget-text-editor\" data-id=\"19c84cf\" data-element_type=\"widget\" data-e-type=\"widget\" data-widget_type=\"text-editor.default\">\n\t\t\t\t<div class=\"elementor-widget-container\">\n\t\t\t\t\t\t\t\t\t<p>Um sicherzustellen, dass jeder Passagier nur seine pers\u00f6nlichen Bilder an den Terminals betrachten und bestellen kann, wird das Foto bei der Aufnahme mittels Scan der Bordkarte getagged. Dieses System basiert auf einer selbst entwickelten Software und kombiniert die Einhaltung hoher Datenschutzstandards mit dem Komfort, dass der Passagier direkt zu seinen pers\u00f6nlichen Bildern gelangt.<\/p>\t\t\t\t\t\t\t\t<\/div>\n\t\t\t\t<\/div>\n\t\t\t\t\t<\/div>\n\t\t<\/div>\n\t\t\t\t<div class=\"elementor-column elementor-col-50 elementor-top-column elementor-element elementor-element-9d50b52\" data-id=\"9d50b52\" data-element_type=\"column\" data-e-type=\"column\">\n\t\t\t<div class=\"elementor-widget-wrap elementor-element-populated\">\n\t\t\t\t\t\t<div class=\"elementor-element elementor-element-21dc320 elementor-widget elementor-widget-image-carousel\" data-id=\"21dc320\" data-element_type=\"widget\" data-e-type=\"widget\" data-settings=\"{&quot;slides_to_show&quot;:&quot;1&quot;,&quot;navigation&quot;:&quot;none&quot;,&quot;effect&quot;:&quot;slide&quot;,&quot;speed&quot;:500}\" data-widget_type=\"image-carousel.default\">\n\t\t\t\t<div class=\"elementor-widget-container\">\n\t\t\t\t\t\t\t<div class=\"elementor-image-carousel-wrapper swiper\" role=\"region\" aria-roledescription=\"carousel\" aria-label=\"Bild Karussell\" dir=\"ltr\">\n\t\t\t<div class=\"elementor-image-carousel swiper-wrapper\" aria-live=\"polite\">\n\t\t\t\t\t\t\t\t<div class=\"swiper-slide\" role=\"group\" aria-roledescription=\"slide\" aria-label=\"1 von 1\"><figure class=\"swiper-slide-inner\"><img decoding=\"async\" class=\"swiper-slide-image\" src=\"https:\/\/www.cruisevision.tv\/wp-content\/uploads\/elementor\/thumbs\/Motiv_bearb-qma1di5lri9ubhejuss6mvkks75e2p1ck7y2utzbm0.jpg\" alt=\"Motiv_bearb\" \/><\/figure><\/div>\t\t\t<\/div>\n\t\t\t\t\t<\/div>\n\t\t\t\t\t\t<\/div>\n\t\t\t\t<\/div>\n\t\t\t\t\t<\/div>\n\t\t<\/div>\n\t\t\t\t\t<\/div>\n\t\t<\/section>\n\t\t\t\t<section class=\"elementor-section elementor-top-section elementor-element elementor-element-3cfdd42 elementor-section-content-middle elementor-reverse-tablet elementor-reverse-mobile elementor-section-boxed elementor-section-height-default elementor-section-height-default\" data-id=\"3cfdd42\" data-element_type=\"section\" data-e-type=\"section\">\n\t\t\t\t\t\t<div class=\"elementor-container elementor-column-gap-no\">\n\t\t\t\t\t<div class=\"elementor-column elementor-col-50 elementor-top-column elementor-element elementor-element-db8b01c\" data-id=\"db8b01c\" data-element_type=\"column\" data-e-type=\"column\">\n\t\t\t<div class=\"elementor-widget-wrap elementor-element-populated\">\n\t\t\t\t\t\t<div class=\"elementor-element elementor-element-8f7c111 elementor-widget elementor-widget-image-carousel\" data-id=\"8f7c111\" data-element_type=\"widget\" data-e-type=\"widget\" data-settings=\"{&quot;slides_to_show&quot;:&quot;1&quot;,&quot;navigation&quot;:&quot;none&quot;,&quot;autoplay&quot;:&quot;yes&quot;,&quot;pause_on_hover&quot;:&quot;yes&quot;,&quot;pause_on_interaction&quot;:&quot;yes&quot;,&quot;autoplay_speed&quot;:5000,&quot;infinite&quot;:&quot;yes&quot;,&quot;effect&quot;:&quot;slide&quot;,&quot;speed&quot;:500}\" data-widget_type=\"image-carousel.default\">\n\t\t\t\t<div class=\"elementor-widget-container\">\n\t\t\t\t\t\t\t<div class=\"elementor-image-carousel-wrapper swiper\" role=\"region\" aria-roledescription=\"carousel\" aria-label=\"Bild Karussell\" dir=\"ltr\">\n\t\t\t<div class=\"elementor-image-carousel swiper-wrapper\" aria-live=\"off\">\n\t\t\t\t\t\t\t\t<div class=\"swiper-slide\" role=\"group\" aria-roledescription=\"slide\" aria-label=\"1 von 1\"><figure class=\"swiper-slide-inner\"><img decoding=\"async\" class=\"swiper-slide-image\" src=\"https:\/\/www.cruisevision.tv\/wp-content\/uploads\/elementor\/thumbs\/AdobeStock_270243103_bearb-scaled-qm7uk6fvyy6spqrzuclm4v6k0vyr9x1vsri064wtqg.jpg\" alt=\"Contented big white dog sits on the sofa against the background\" \/><\/figure><\/div>\t\t\t<\/div>\n\t\t\t\t\t<\/div>\n\t\t\t\t\t\t<\/div>\n\t\t\t\t<\/div>\n\t\t\t\t\t<\/div>\n\t\t<\/div>\n\t\t\t\t<div class=\"elementor-column elementor-col-50 elementor-top-column elementor-element elementor-element-ea8a2bb\" data-id=\"ea8a2bb\" data-element_type=\"column\" data-e-type=\"column\">\n\t\t\t<div class=\"elementor-widget-wrap elementor-element-populated\">\n\t\t\t\t\t\t<div class=\"elementor-element elementor-element-4a5fc07 elementor-widget elementor-widget-heading\" data-id=\"4a5fc07\" data-element_type=\"widget\" data-e-type=\"widget\" data-widget_type=\"heading.default\">\n\t\t\t\t<div class=\"elementor-widget-container\">\n\t\t\t\t\t<h2 class=\"elementor-heading-title elementor-size-default\">Aftersales<\/h2>\t\t\t\t<\/div>\n\t\t\t\t<\/div>\n\t\t\t\t<div class=\"elementor-element elementor-element-30644e0 elementor-widget elementor-widget-text-editor\" data-id=\"30644e0\" data-element_type=\"widget\" data-e-type=\"widget\" data-widget_type=\"text-editor.default\">\n\t\t\t\t<div class=\"elementor-widget-container\">\n\t\t\t\t\t\t\t\t\t<p>Auf Wunsch k\u00f6nnen die G\u00e4ste sich w\u00e4hrend ihres Aufenthaltes an Bord f\u00fcr unseren After-Sales Service registrieren, um die eigenen Bilder auch noch nach der Reise \u00fcber einen gesch\u00fctzten Link in digitaler Form bestellen zu k\u00f6nnen.<\/p>\t\t\t\t\t\t\t\t<\/div>\n\t\t\t\t<\/div>\n\t\t\t\t\t<\/div>\n\t\t<\/div>\n\t\t\t\t\t<\/div>\n\t\t<\/section>\n\t\t\t\t<section class=\"elementor-section elementor-top-section elementor-element elementor-element-a545761 elementor-section-content-middle elementor-reverse-tablet elementor-reverse-mobile elementor-section-boxed elementor-section-height-default elementor-section-height-default\" data-id=\"a545761\" data-element_type=\"section\" data-e-type=\"section\">\n\t\t\t\t\t\t<div class=\"elementor-container elementor-column-gap-no\">\n\t\t\t\t\t<div class=\"elementor-column elementor-col-50 elementor-top-column elementor-element elementor-element-3c7ac55\" data-id=\"3c7ac55\" data-element_type=\"column\" data-e-type=\"column\">\n\t\t\t<div class=\"elementor-widget-wrap elementor-element-populated\">\n\t\t\t\t\t\t<div class=\"elementor-element elementor-element-a008b13 elementor-widget elementor-widget-heading\" data-id=\"a008b13\" data-element_type=\"widget\" data-e-type=\"widget\" data-widget_type=\"heading.default\">\n\t\t\t\t<div class=\"elementor-widget-container\">\n\t\t\t\t\t<h2 class=\"elementor-heading-title elementor-size-default\">Crew<\/h2>\t\t\t\t<\/div>\n\t\t\t\t<\/div>\n\t\t\t\t<div class=\"elementor-element elementor-element-337be73 elementor-widget elementor-widget-text-editor\" data-id=\"337be73\" data-element_type=\"widget\" data-e-type=\"widget\" data-widget_type=\"text-editor.default\">\n\t\t\t\t<div class=\"elementor-widget-container\">\n\t\t\t\t\t\t\t\t\t<p>Neben der Software und der Hardware f\u00fcr die Schiffe wird auch die Crew von CruiseVision gestellt. Unsere Fotografen und Videografen werden vor ihrem Einsatz bestens vorbereitet. Sowohl die fachliche Expertise als auch alle n\u00f6tigen internationalen Dokumente werden \u00fcber unseren Crew Service bereitgestellt.<\/p>\t\t\t\t\t\t\t\t<\/div>\n\t\t\t\t<\/div>\n\t\t\t\t\t<\/div>\n\t\t<\/div>\n\t\t\t\t<div class=\"elementor-column elementor-col-50 elementor-top-column elementor-element elementor-element-f4f6907\" data-id=\"f4f6907\" data-element_type=\"column\" data-e-type=\"column\">\n\t\t\t<div class=\"elementor-widget-wrap elementor-element-populated\">\n\t\t\t\t\t\t<div class=\"elementor-element elementor-element-1c17663 elementor-widget elementor-widget-image-carousel\" data-id=\"1c17663\" data-element_type=\"widget\" data-e-type=\"widget\" data-settings=\"{&quot;slides_to_show&quot;:&quot;1&quot;,&quot;navigation&quot;:&quot;none&quot;,&quot;effect&quot;:&quot;slide&quot;,&quot;speed&quot;:500}\" data-widget_type=\"image-carousel.default\">\n\t\t\t\t<div class=\"elementor-widget-container\">\n\t\t\t\t\t\t\t<div class=\"elementor-image-carousel-wrapper swiper\" role=\"region\" aria-roledescription=\"carousel\" aria-label=\"Bild Karussell\" dir=\"ltr\">\n\t\t\t<div class=\"elementor-image-carousel swiper-wrapper\" aria-live=\"polite\">\n\t\t\t\t\t\t\t\t<div class=\"swiper-slide\" role=\"group\" aria-roledescription=\"slide\" aria-label=\"1 von 1\"><figure class=\"swiper-slide-inner\"><img decoding=\"async\" class=\"swiper-slide-image\" src=\"https:\/\/www.cruisevision.tv\/wp-content\/uploads\/elementor\/thumbs\/Foto-Crew-qm7ubwh1sguwhcst69svogdfpqrehv6yzsp31f6miw.jpg\" alt=\"Foto-Crew\" \/><\/figure><\/div>\t\t\t<\/div>\n\t\t\t\t\t<\/div>\n\t\t\t\t\t\t<\/div>\n\t\t\t\t<\/div>\n\t\t\t\t\t<\/div>\n\t\t<\/div>\n\t\t\t\t\t<\/div>\n\t\t<\/section>\n\t\t\t\t<\/div>\n\t\t","protected":false},"excerpt":{"rendered":"<p>Bilder-Erlebniswelt Unsere Bilder-Erlebniswelt ist in ihrer Kombination aus Hard- und Softwarekomponenten weltweit einmalig. Den Ausbauvariationen sind dabei keine Grenzen gesetzt. Ausgestattet mit dem selbst entwickelten Phototagging, Werbedisplays und intuitiven Touch-Terminals k\u00f6nnen die G\u00e4ste an Bord schnell und einfach Ihre pers\u00f6nlichen Fotos zusammenstellen und bestellen. Die Ausgabe der Fotos erfolgt digital oder auf Papier \u2013 produziert [&hellip;]<\/p>\n","protected":false},"author":1,"featured_media":0,"parent":0,"menu_order":3,"comment_status":"closed","ping_status":"closed","template":"","meta":{"inline_featured_image":false,"footnotes":""},"class_list":["post-621","page","type-page","status-publish","hentry"],"_links":{"self":[{"href":"https:\/\/www.cruisevision.tv\/de\/wp-json\/wp\/v2\/pages\/621","targetHints":{"allow":["GET"]}}],"collection":[{"href":"https:\/\/www.cruisevision.tv\/de\/wp-json\/wp\/v2\/pages"}],"about":[{"href":"https:\/\/www.cruisevision.tv\/de\/wp-json\/wp\/v2\/types\/page"}],"author":[{"embeddable":true,"href":"https:\/\/www.cruisevision.tv\/de\/wp-json\/wp\/v2\/users\/1"}],"replies":[{"embeddable":true,"href":"https:\/\/www.cruisevision.tv\/de\/wp-json\/wp\/v2\/comments?post=621"}],"version-history":[{"count":52,"href":"https:\/\/www.cruisevision.tv\/de\/wp-json\/wp\/v2\/pages\/621\/revisions"}],"predecessor-version":[{"id":1230,"href":"https:\/\/www.cruisevision.tv\/de\/wp-json\/wp\/v2\/pages\/621\/revisions\/1230"}],"wp:attachment":[{"href":"https:\/\/www.cruisevision.tv\/de\/wp-json\/wp\/v2\/media?parent=621"}],"curies":[{"name":"wp","href":"https:\/\/api.w.org\/{rel}","templated":true}]}}