{"id":662,"date":"2024-04-04T16:40:56","date_gmt":"2024-04-04T14:40:56","guid":{"rendered":"https:\/\/neu.cruisevision.tv\/?page_id=662"},"modified":"2024-04-06T00:00:31","modified_gmt":"2024-04-05T22:00:31","slug":"bike","status":"publish","type":"page","link":"https:\/\/www.cruisevision.tv\/de\/bike\/","title":{"rendered":"Bike"},"content":{"rendered":"\t\t<div data-elementor-type=\"wp-page\" data-elementor-id=\"662\" class=\"elementor elementor-662\" data-elementor-post-type=\"page\">\n\t\t\t\t<div class=\"elementor-element elementor-element-7251be5 e-flex e-con-boxed e-con e-parent\" data-id=\"7251be5\" data-element_type=\"container\" data-e-type=\"container\" data-settings=\"{&quot;background_background&quot;:&quot;video&quot;,&quot;background_video_link&quot;:&quot;https:\\\/\\\/www.cruisevision.tv\\\/wp-content\\\/uploads\\\/sea_bg.mp4&quot;}\">\n\t\t\t\t\t<div class=\"e-con-inner\">\n\t\t<div class=\"elementor-background-video-container elementor-hidden-mobile\">\n\t\t\t\t\t\t\t<video class=\"elementor-background-video-hosted\" role=\"presentation\" autoplay muted playsinline loop><\/video>\n\t\t\t\t\t<\/div>\t\t<div class=\"elementor-element elementor-element-4ac6d14 elementor-widget elementor-widget-image\" data-id=\"4ac6d14\" data-element_type=\"widget\" data-e-type=\"widget\" data-widget_type=\"image.default\">\n\t\t\t\t<div class=\"elementor-widget-container\">\n\t\t\t\t\t\t\t\t\t\t\t\t\t\t\t<img decoding=\"async\" src=\"https:\/\/www.cruisevision.tv\/wp-content\/uploads\/elementor\/thumbs\/CreteBike-0091--scaled-qm7wo5qei433enucwgjz4ntobgq7ocun9uvhcijer4.jpg\" title=\"CreteBike-0091-\" alt=\"CreteBike-0091-\" loading=\"lazy\" \/>\t\t\t\t\t\t\t\t\t\t\t\t\t\t\t<\/div>\n\t\t\t\t<\/div>\n\t\t\t\t\t<\/div>\n\t\t\t\t<\/div>\n\t\t<div class=\"elementor-element elementor-element-bcd9376 e-flex e-con-boxed e-con e-parent\" data-id=\"bcd9376\" data-element_type=\"container\" data-e-type=\"container\">\n\t\t\t\t\t<div class=\"e-con-inner\">\n\t\t<div class=\"elementor-element elementor-element-0dcd0da e-flex e-con-boxed e-con e-child\" data-id=\"0dcd0da\" data-element_type=\"container\" data-e-type=\"container\">\n\t\t\t\t\t<div class=\"e-con-inner\">\n\t\t\t\t<div class=\"elementor-element elementor-element-7db4284 elementor-widget elementor-widget-heading\" data-id=\"7db4284\" data-element_type=\"widget\" data-e-type=\"widget\" data-widget_type=\"heading.default\">\n\t\t\t\t<div class=\"elementor-widget-container\">\n\t\t\t\t\t<h1 class=\"elementor-heading-title elementor-size-default\">Gef\u00fchrte E-Bike Touren<\/h1>\t\t\t\t<\/div>\n\t\t\t\t<\/div>\n\t\t\t\t<div class=\"elementor-element elementor-element-9db57dd elementor-widget elementor-widget-text-editor\" data-id=\"9db57dd\" data-element_type=\"widget\" data-e-type=\"widget\" data-widget_type=\"text-editor.default\">\n\t\t\t\t<div class=\"elementor-widget-container\">\n\t\t\t\t\t\t\t\t\t<p>F\u00fcr sportlich Begeisterte bieten wir auf ausgew\u00e4hlten Schiffen gef\u00fchrte E-Bike Touren an.<\/p><p>Die Touren k\u00f6nnen an Bord oder vorab \u00fcber das Buchungsportal reserviert werden. Alle Touren sind nach Schwierigkeitsgrad kategorisiert und f\u00fchren an den Hot-Spots der jeweiligen Destinationen vorbei.<\/p>\t\t\t\t\t\t\t\t<\/div>\n\t\t\t\t<\/div>\n\t\t\t\t\t<\/div>\n\t\t\t\t<\/div>\n\t\t\t\t\t<\/div>\n\t\t\t\t<\/div>\n\t\t<div class=\"elementor-element elementor-element-822868c e-con-full e-flex e-con e-parent\" data-id=\"822868c\" data-element_type=\"container\" data-e-type=\"container\">\n\t\t<div class=\"elementor-element elementor-element-ae0e41e e-con-full e-flex e-con e-child\" data-id=\"ae0e41e\" data-element_type=\"container\" data-e-type=\"container\">\n\t\t<div class=\"elementor-element elementor-element-fc1ecba e-con-full e-flex e-con e-child\" data-id=\"fc1ecba\" data-element_type=\"container\" data-e-type=\"container\">\n\t\t\t\t<div class=\"elementor-element elementor-element-682f601 elementor-widget elementor-widget-image\" data-id=\"682f601\" data-element_type=\"widget\" data-e-type=\"widget\" data-widget_type=\"image.default\">\n\t\t\t\t<div class=\"elementor-widget-container\">\n\t\t\t\t\t\t\t\t\t\t\t\t\t\t\t<img fetchpriority=\"high\" decoding=\"async\" width=\"768\" height=\"512\" src=\"https:\/\/www.cruisevision.tv\/wp-content\/uploads\/APF_0019-768x512.jpg\" class=\"attachment-medium_large size-medium_large wp-image-668\" alt=\"\" srcset=\"https:\/\/www.cruisevision.tv\/wp-content\/uploads\/APF_0019-768x512.jpg 768w, https:\/\/www.cruisevision.tv\/wp-content\/uploads\/APF_0019-300x200.jpg 300w, https:\/\/www.cruisevision.tv\/wp-content\/uploads\/APF_0019-1024x683.jpg 1024w, https:\/\/www.cruisevision.tv\/wp-content\/uploads\/APF_0019-1536x1024.jpg 1536w, https:\/\/www.cruisevision.tv\/wp-content\/uploads\/APF_0019-2048x1365.jpg 2048w\" sizes=\"(max-width: 768px) 100vw, 768px\" \/>\t\t\t\t\t\t\t\t\t\t\t\t\t\t\t<\/div>\n\t\t\t\t<\/div>\n\t\t\t\t<div class=\"elementor-element elementor-element-bbdb444 elementor-widget elementor-widget-image\" data-id=\"bbdb444\" data-element_type=\"widget\" data-e-type=\"widget\" data-widget_type=\"image.default\">\n\t\t\t\t<div class=\"elementor-widget-container\">\n\t\t\t\t\t\t\t\t\t\t\t\t\t\t\t<img decoding=\"async\" width=\"768\" height=\"1152\" src=\"https:\/\/www.cruisevision.tv\/wp-content\/uploads\/PhoenixPilotOkt2021-0021-1-1-768x1152.jpg\" class=\"attachment-medium_large size-medium_large wp-image-683\" alt=\"\" srcset=\"https:\/\/www.cruisevision.tv\/wp-content\/uploads\/PhoenixPilotOkt2021-0021-1-1-768x1152.jpg 768w, https:\/\/www.cruisevision.tv\/wp-content\/uploads\/PhoenixPilotOkt2021-0021-1-1-200x300.jpg 200w, https:\/\/www.cruisevision.tv\/wp-content\/uploads\/PhoenixPilotOkt2021-0021-1-1-683x1024.jpg 683w, https:\/\/www.cruisevision.tv\/wp-content\/uploads\/PhoenixPilotOkt2021-0021-1-1-1024x1536.jpg 1024w, https:\/\/www.cruisevision.tv\/wp-content\/uploads\/PhoenixPilotOkt2021-0021-1-1-1365x2048.jpg 1365w, https:\/\/www.cruisevision.tv\/wp-content\/uploads\/PhoenixPilotOkt2021-0021-1-1-scaled.jpg 1706w\" sizes=\"(max-width: 768px) 100vw, 768px\" \/>\t\t\t\t\t\t\t\t\t\t\t\t\t\t\t<\/div>\n\t\t\t\t<\/div>\n\t\t\t\t<div class=\"elementor-element elementor-element-3d03329 elementor-widget elementor-widget-image\" data-id=\"3d03329\" data-element_type=\"widget\" data-e-type=\"widget\" data-widget_type=\"image.default\">\n\t\t\t\t<div class=\"elementor-widget-container\">\n\t\t\t\t\t\t\t\t\t\t\t\t\t\t\t<img decoding=\"async\" width=\"768\" height=\"513\" src=\"https:\/\/www.cruisevision.tv\/wp-content\/uploads\/CreteBike-0170--768x513.jpg\" class=\"attachment-medium_large size-medium_large wp-image-679\" alt=\"\" srcset=\"https:\/\/www.cruisevision.tv\/wp-content\/uploads\/CreteBike-0170--768x513.jpg 768w, https:\/\/www.cruisevision.tv\/wp-content\/uploads\/CreteBike-0170--300x200.jpg 300w, https:\/\/www.cruisevision.tv\/wp-content\/uploads\/CreteBike-0170--1024x684.jpg 1024w, https:\/\/www.cruisevision.tv\/wp-content\/uploads\/CreteBike-0170--1536x1025.jpg 1536w, https:\/\/www.cruisevision.tv\/wp-content\/uploads\/CreteBike-0170--2048x1367.jpg 2048w\" sizes=\"(max-width: 768px) 100vw, 768px\" \/>\t\t\t\t\t\t\t\t\t\t\t\t\t\t\t<\/div>\n\t\t\t\t<\/div>\n\t\t\t\t<\/div>\n\t\t<div class=\"elementor-element elementor-element-debd004 e-con-full e-flex e-con e-child\" data-id=\"debd004\" data-element_type=\"container\" data-e-type=\"container\">\n\t\t\t\t<div class=\"elementor-element elementor-element-0cdaf02 elementor-widget elementor-widget-image\" data-id=\"0cdaf02\" data-element_type=\"widget\" data-e-type=\"widget\" data-widget_type=\"image.default\">\n\t\t\t\t<div class=\"elementor-widget-container\">\n\t\t\t\t\t\t\t\t\t\t\t\t\t\t\t<img loading=\"lazy\" decoding=\"async\" width=\"768\" height=\"513\" src=\"https:\/\/www.cruisevision.tv\/wp-content\/uploads\/14-1033--768x513.jpg\" class=\"attachment-medium_large size-medium_large wp-image-664\" alt=\"\" srcset=\"https:\/\/www.cruisevision.tv\/wp-content\/uploads\/14-1033--768x513.jpg 768w, https:\/\/www.cruisevision.tv\/wp-content\/uploads\/14-1033--300x200.jpg 300w, https:\/\/www.cruisevision.tv\/wp-content\/uploads\/14-1033--1024x684.jpg 1024w, https:\/\/www.cruisevision.tv\/wp-content\/uploads\/14-1033--1536x1025.jpg 1536w, https:\/\/www.cruisevision.tv\/wp-content\/uploads\/14-1033--2048x1367.jpg 2048w\" sizes=\"(max-width: 768px) 100vw, 768px\" \/>\t\t\t\t\t\t\t\t\t\t\t\t\t\t\t<\/div>\n\t\t\t\t<\/div>\n\t\t\t\t<div class=\"elementor-element elementor-element-104fe2a elementor-widget elementor-widget-image\" data-id=\"104fe2a\" data-element_type=\"widget\" data-e-type=\"widget\" data-widget_type=\"image.default\">\n\t\t\t\t<div class=\"elementor-widget-container\">\n\t\t\t\t\t\t\t\t\t\t\t\t\t\t\t<img loading=\"lazy\" decoding=\"async\" width=\"768\" height=\"513\" src=\"https:\/\/www.cruisevision.tv\/wp-content\/uploads\/PhoenixPilotOkt2021-0035--768x513.jpg\" class=\"attachment-medium_large size-medium_large wp-image-277\" alt=\"\" srcset=\"https:\/\/www.cruisevision.tv\/wp-content\/uploads\/PhoenixPilotOkt2021-0035--768x513.jpg 768w, https:\/\/www.cruisevision.tv\/wp-content\/uploads\/PhoenixPilotOkt2021-0035--300x200.jpg 300w, https:\/\/www.cruisevision.tv\/wp-content\/uploads\/PhoenixPilotOkt2021-0035--1024x683.jpg 1024w, https:\/\/www.cruisevision.tv\/wp-content\/uploads\/PhoenixPilotOkt2021-0035--1536x1025.jpg 1536w, https:\/\/www.cruisevision.tv\/wp-content\/uploads\/PhoenixPilotOkt2021-0035--2048x1367.jpg 2048w\" sizes=\"(max-width: 768px) 100vw, 768px\" \/>\t\t\t\t\t\t\t\t\t\t\t\t\t\t\t<\/div>\n\t\t\t\t<\/div>\n\t\t\t\t<div class=\"elementor-element elementor-element-0eba09d elementor-widget elementor-widget-image\" data-id=\"0eba09d\" data-element_type=\"widget\" data-e-type=\"widget\" data-widget_type=\"image.default\">\n\t\t\t\t<div class=\"elementor-widget-container\">\n\t\t\t\t\t\t\t\t\t\t\t\t\t\t\t<img loading=\"lazy\" decoding=\"async\" width=\"768\" height=\"512\" src=\"https:\/\/www.cruisevision.tv\/wp-content\/uploads\/foto-bici-lanzarote-768x512.jpg\" class=\"attachment-medium_large size-medium_large wp-image-670\" alt=\"\" srcset=\"https:\/\/www.cruisevision.tv\/wp-content\/uploads\/foto-bici-lanzarote-768x512.jpg 768w, https:\/\/www.cruisevision.tv\/wp-content\/uploads\/foto-bici-lanzarote-300x200.jpg 300w, https:\/\/www.cruisevision.tv\/wp-content\/uploads\/foto-bici-lanzarote-1024x683.jpg 1024w, https:\/\/www.cruisevision.tv\/wp-content\/uploads\/foto-bici-lanzarote-1536x1024.jpg 1536w, https:\/\/www.cruisevision.tv\/wp-content\/uploads\/foto-bici-lanzarote-2048x1366.jpg 2048w\" sizes=\"(max-width: 768px) 100vw, 768px\" \/>\t\t\t\t\t\t\t\t\t\t\t\t\t\t\t<\/div>\n\t\t\t\t<\/div>\n\t\t\t\t<\/div>\n\t\t\t\t<\/div>\n\t\t<div class=\"elementor-element elementor-element-20c59cc e-con-full e-flex e-con e-child\" data-id=\"20c59cc\" data-element_type=\"container\" data-e-type=\"container\">\n\t\t\t\t<div class=\"elementor-element elementor-element-c6f5732 elementor-widget elementor-widget-heading\" data-id=\"c6f5732\" data-element_type=\"widget\" data-e-type=\"widget\" data-widget_type=\"heading.default\">\n\t\t\t\t<div class=\"elementor-widget-container\">\n\t\t\t\t\t<h3 class=\"elementor-heading-title elementor-size-default\">Moderne<br>E-Bike Flotte<\/h3>\t\t\t\t<\/div>\n\t\t\t\t<\/div>\n\t\t\t\t<div class=\"elementor-element elementor-element-036dc75 elementor-widget elementor-widget-text-editor\" data-id=\"036dc75\" data-element_type=\"widget\" data-e-type=\"widget\" data-widget_type=\"text-editor.default\">\n\t\t\t\t<div class=\"elementor-widget-container\">\n\t\t\t\t\t\t\t\t\t<p>Alle Touren werden ausschlie\u00dflich mit modernen und regelm\u00e4\u00dfig gewarteten E-Bikes angeboten.<\/p><p>Starke Motoren und leistungsf\u00e4hige Akkus aus dem Hause Bosch garantieren selbst nicht trainierten Teilnehmern auch h\u00f6her gelegene Ausflugsziele entspannt zu erreichen.<\/p>\t\t\t\t\t\t\t\t<\/div>\n\t\t\t\t<\/div>\n\t\t\t\t<\/div>\n\t\t\t\t<\/div>\n\t\t\t\t<\/div>\n\t\t","protected":false},"excerpt":{"rendered":"<p>Gef\u00fchrte E-Bike Touren F\u00fcr sportlich Begeisterte bieten wir auf ausgew\u00e4hlten Schiffen gef\u00fchrte E-Bike Touren an. Die Touren k\u00f6nnen an Bord oder vorab \u00fcber das Buchungsportal reserviert werden. Alle Touren sind nach Schwierigkeitsgrad kategorisiert und f\u00fchren an den Hot-Spots der jeweiligen Destinationen vorbei. ModerneE-Bike Flotte Alle Touren werden ausschlie\u00dflich mit modernen und regelm\u00e4\u00dfig gewarteten E-Bikes angeboten. [&hellip;]<\/p>\n","protected":false},"author":1,"featured_media":0,"parent":0,"menu_order":5,"comment_status":"closed","ping_status":"closed","template":"","meta":{"inline_featured_image":false,"footnotes":""},"class_list":["post-662","page","type-page","status-publish","hentry"],"_links":{"self":[{"href":"https:\/\/www.cruisevision.tv\/de\/wp-json\/wp\/v2\/pages\/662","targetHints":{"allow":["GET"]}}],"collection":[{"href":"https:\/\/www.cruisevision.tv\/de\/wp-json\/wp\/v2\/pages"}],"about":[{"href":"https:\/\/www.cruisevision.tv\/de\/wp-json\/wp\/v2\/types\/page"}],"author":[{"embeddable":true,"href":"https:\/\/www.cruisevision.tv\/de\/wp-json\/wp\/v2\/users\/1"}],"replies":[{"embeddable":true,"href":"https:\/\/www.cruisevision.tv\/de\/wp-json\/wp\/v2\/comments?post=662"}],"version-history":[{"count":31,"href":"https:\/\/www.cruisevision.tv\/de\/wp-json\/wp\/v2\/pages\/662\/revisions"}],"predecessor-version":[{"id":1224,"href":"https:\/\/www.cruisevision.tv\/de\/wp-json\/wp\/v2\/pages\/662\/revisions\/1224"}],"wp:attachment":[{"href":"https:\/\/www.cruisevision.tv\/de\/wp-json\/wp\/v2\/media?parent=662"}],"curies":[{"name":"wp","href":"https:\/\/api.w.org\/{rel}","templated":true}]}}