{"id":855,"date":"2024-04-05T10:33:21","date_gmt":"2024-04-05T08:33:21","guid":{"rendered":"https:\/\/neu.cruisevision.tv\/?page_id=855"},"modified":"2026-02-18T11:26:01","modified_gmt":"2026-02-18T10:26:01","slug":"cruisevision","status":"publish","type":"page","link":"https:\/\/www.cruisevision.tv\/de\/cruisevision\/","title":{"rendered":"CruiseVision"},"content":{"rendered":"\t\t<div data-elementor-type=\"wp-page\" data-elementor-id=\"855\" class=\"elementor elementor-855\" data-elementor-post-type=\"page\">\n\t\t\t\t<div class=\"elementor-element elementor-element-f18e162 e-flex e-con-boxed e-con e-parent\" data-id=\"f18e162\" data-element_type=\"container\" data-e-type=\"container\" data-settings=\"{&quot;background_background&quot;:&quot;video&quot;,&quot;background_video_link&quot;:&quot;https:\\\/\\\/www.cruisevision.tv\\\/wp-content\\\/uploads\\\/sea_bg.mp4&quot;}\">\n\t\t\t\t\t<div class=\"e-con-inner\">\n\t\t<div class=\"elementor-background-video-container elementor-hidden-mobile\">\n\t\t\t\t\t\t\t<video class=\"elementor-background-video-hosted\" role=\"presentation\" autoplay muted playsinline loop><\/video>\n\t\t\t\t\t<\/div>\t\t<div class=\"elementor-element elementor-element-6391303 elementor-widget elementor-widget-image\" data-id=\"6391303\" data-element_type=\"widget\" data-e-type=\"widget\" data-widget_type=\"image.default\">\n\t\t\t\t<div class=\"elementor-widget-container\">\n\t\t\t\t\t\t\t\t\t\t\t\t\t\t\t<img decoding=\"async\" src=\"https:\/\/www.cruisevision.tv\/wp-content\/uploads\/elementor\/thumbs\/Taufe-MS6-qm981ycf3h6urc2x9arjjpkpbf2ze7qksra58rc8z4.jpg\" title=\"\" alt=\"\" loading=\"lazy\" \/>\t\t\t\t\t\t\t\t\t\t\t\t\t\t\t<\/div>\n\t\t\t\t<\/div>\n\t\t\t\t\t<\/div>\n\t\t\t\t<\/div>\n\t\t<div class=\"elementor-element elementor-element-57bd03b e-flex e-con-boxed e-con e-parent\" data-id=\"57bd03b\" data-element_type=\"container\" data-e-type=\"container\">\n\t\t\t\t\t<div class=\"e-con-inner\">\n\t\t<div class=\"elementor-element elementor-element-027b277 e-flex e-con-boxed e-con e-child\" data-id=\"027b277\" data-element_type=\"container\" data-e-type=\"container\">\n\t\t\t\t\t<div class=\"e-con-inner\">\n\t\t\t\t<div class=\"elementor-element elementor-element-72fb7f9 elementor-widget elementor-widget-heading\" data-id=\"72fb7f9\" data-element_type=\"widget\" data-e-type=\"widget\" data-widget_type=\"heading.default\">\n\t\t\t\t<div class=\"elementor-widget-container\">\n\t\t\t\t\t<h1 class=\"elementor-heading-title elementor-size-default\">\u00dcber CruiseVision<\/h1>\t\t\t\t<\/div>\n\t\t\t\t<\/div>\n\t\t\t\t<div class=\"elementor-element elementor-element-ea60137 elementor-widget elementor-widget-text-editor\" data-id=\"ea60137\" data-element_type=\"widget\" data-e-type=\"widget\" data-widget_type=\"text-editor.default\">\n\t\t\t\t<div class=\"elementor-widget-container\">\n\t\t\t\t\t\t\t\t\t<p>Als exklusiver Foto- und Filmkonzession\u00e4r sind wir auf der Mein Schiff-Flotte von TUI Cruises, auf den 5-Sterne-Plus- und Expeditionsschiffen von Hapag-Lloyd Cruises sowie auf den Hochseekreuzfahrtschiffen von Phoenix Reisen t\u00e4tig. Dar\u00fcber hinaus begleiten wir G\u00e4ste auch an Bord der Vasco da Gama von nicko cruises.<\/p><p>Neben unseren Foto- und Filmservices sind wir auch im Bereich Bike und Hike aktiv: Auf ausgew\u00e4hlten Schiffen begleiten unsere erfahrenen Bike-Guides die G\u00e4ste auf abwechslungsreichen Fahrrad- und Wandertouren. Dabei verbinden wir Bewegung, Natur und kulturelle Entdeckungen zu einzigartigen Erlebnissen und erm\u00f6glichen es den G\u00e4sten, aktiv die Welt zu entdecken.<\/p><p>So steht CruiseVision f\u00fcr hochwertige Medienproduktionen und aktive Reiseerlebnisse \u2013 weltweit, nah am Gast und immer mit Leidenschaft f\u00fcr besondere Momente.<\/p>\t\t\t\t\t\t\t\t<\/div>\n\t\t\t\t<\/div>\n\t\t\t\t\t<\/div>\n\t\t\t\t<\/div>\n\t\t\t\t\t<\/div>\n\t\t\t\t<\/div>\n\t\t\t\t<section class=\"elementor-section elementor-top-section elementor-element elementor-element-219f183 elementor-section-content-middle elementor-reverse-tablet elementor-reverse-mobile elementor-section-boxed elementor-section-height-default elementor-section-height-default\" data-id=\"219f183\" data-element_type=\"section\" data-e-type=\"section\">\n\t\t\t\t\t\t<div class=\"elementor-container elementor-column-gap-no\">\n\t\t\t\t\t<div class=\"elementor-column elementor-col-100 elementor-top-column elementor-element elementor-element-cb21d4d\" data-id=\"cb21d4d\" data-element_type=\"column\" data-e-type=\"column\">\n\t\t\t<div class=\"elementor-widget-wrap elementor-element-populated\">\n\t\t\t\t\t\t<div class=\"elementor-element elementor-element-8c5198e elementor-widget elementor-widget-heading\" data-id=\"8c5198e\" data-element_type=\"widget\" data-e-type=\"widget\" data-widget_type=\"heading.default\">\n\t\t\t\t<div class=\"elementor-widget-container\">\n\t\t\t\t\t<h2 class=\"elementor-heading-title elementor-size-default\">Auf allen Weltmeeren zu Hause<\/h2>\t\t\t\t<\/div>\n\t\t\t\t<\/div>\n\t\t\t\t<div class=\"elementor-element elementor-element-5074694 elementor-widget elementor-widget-text-editor\" data-id=\"5074694\" data-element_type=\"widget\" data-e-type=\"widget\" data-widget_type=\"text-editor.default\">\n\t\t\t\t<div class=\"elementor-widget-container\">\n\t\t\t\t\t\t\t\t\t<p>Auf diesen Schiffen betreiben wir Outlets und sind mit unseren Teams im Einsatz.<\/p>\t\t\t\t\t\t\t\t<\/div>\n\t\t\t\t<\/div>\n\t\t\t\t<div class=\"elementor-element elementor-element-36a3018 elementor-arrows-position-outside elementor-pagination-position-outside elementor-widget elementor-widget-image-carousel\" data-id=\"36a3018\" data-element_type=\"widget\" data-e-type=\"widget\" data-settings=\"{&quot;slides_to_show&quot;:&quot;5&quot;,&quot;lazyload&quot;:&quot;yes&quot;,&quot;autoplay_speed&quot;:2000,&quot;navigation&quot;:&quot;both&quot;,&quot;autoplay&quot;:&quot;yes&quot;,&quot;pause_on_hover&quot;:&quot;yes&quot;,&quot;pause_on_interaction&quot;:&quot;yes&quot;,&quot;speed&quot;:500,&quot;image_spacing_custom&quot;:{&quot;unit&quot;:&quot;px&quot;,&quot;size&quot;:20,&quot;sizes&quot;:[]},&quot;image_spacing_custom_tablet&quot;:{&quot;unit&quot;:&quot;px&quot;,&quot;size&quot;:&quot;&quot;,&quot;sizes&quot;:[]},&quot;image_spacing_custom_mobile&quot;:{&quot;unit&quot;:&quot;px&quot;,&quot;size&quot;:&quot;&quot;,&quot;sizes&quot;:[]}}\" data-widget_type=\"image-carousel.default\">\n\t\t\t\t<div class=\"elementor-widget-container\">\n\t\t\t\t\t\t\t<div class=\"elementor-image-carousel-wrapper swiper\" role=\"region\" aria-roledescription=\"carousel\" aria-label=\"Bild Karussell\" dir=\"ltr\">\n\t\t\t<div class=\"elementor-image-carousel swiper-wrapper\" aria-live=\"off\">\n\t\t\t\t\t\t\t\t<div class=\"swiper-slide\" role=\"group\" aria-roledescription=\"slide\" aria-label=\"1 von 18\"><figure class=\"swiper-slide-inner\"><img class=\"swiper-slide-image swiper-lazy\" data-src=\"https:\/\/www.cruisevision.tv\/wp-content\/uploads\/elementor\/thumbs\/MSE-scaled-qm98ap81qa4ulmnd4qhbvtowwobaggf3pc0fsmp80g.jpg\" alt=\"Mein Schiff 1\" \/><div class=\"swiper-lazy-preloader\"><\/div><figcaption class=\"elementor-image-carousel-caption\">Mein Schiff 1<\/figcaption><\/figure><\/div><div class=\"swiper-slide\" role=\"group\" aria-roledescription=\"slide\" aria-label=\"2 von 18\"><figure class=\"swiper-slide-inner\"><img class=\"swiper-slide-image swiper-lazy\" data-src=\"https:\/\/www.cruisevision.tv\/wp-content\/uploads\/elementor\/thumbs\/ZWO-scaled-qm98a0s8sl7e7rmv3fx12zuxgnnqwbq2xz1tbfpgi8.jpg\" alt=\"Mein Schiff 2\" \/><div class=\"swiper-lazy-preloader\"><\/div><figcaption class=\"elementor-image-carousel-caption\">Mein Schiff 2<\/figcaption><\/figure><\/div><div class=\"swiper-slide\" role=\"group\" aria-roledescription=\"slide\" aria-label=\"3 von 18\"><figure class=\"swiper-slide-inner\"><img class=\"swiper-slide-image swiper-lazy\" data-src=\"https:\/\/www.cruisevision.tv\/wp-content\/uploads\/elementor\/thumbs\/MS3-qm98l1g4woaeb7mor7dlb7rg59cn4lgt4icpu7dbkg.png\" alt=\"Mein Schiff 3\" \/><div class=\"swiper-lazy-preloader\"><\/div><figcaption class=\"elementor-image-carousel-caption\">Mein Schiff 3<\/figcaption><\/figure><\/div><div class=\"swiper-slide\" role=\"group\" aria-roledescription=\"slide\" aria-label=\"4 von 18\"><figure class=\"swiper-slide-inner\"><img class=\"swiper-slide-image swiper-lazy\" data-src=\"https:\/\/www.cruisevision.tv\/wp-content\/uploads\/elementor\/thumbs\/MS-4-Geirangerfjord-qm98b8ynpsvvdfuoxh0hu6pldrlzy3lgs1pmvfvyds.jpg\" alt=\"Mein Schiff 4\" \/><div class=\"swiper-lazy-preloader\"><\/div><figcaption class=\"elementor-image-carousel-caption\">Mein Schiff 4<\/figcaption><\/figure><\/div><div class=\"swiper-slide\" role=\"group\" aria-roledescription=\"slide\" aria-label=\"5 von 18\"><figure class=\"swiper-slide-inner\"><img class=\"swiper-slide-image swiper-lazy\" data-src=\"https:\/\/www.cruisevision.tv\/wp-content\/uploads\/elementor\/thumbs\/Mein-Schiff-5-qm985nt7398icvyvk22c0lgy9b5g6vewoe3q6867dc.jpg\" alt=\"Mein Schiff 5\" \/><div class=\"swiper-lazy-preloader\"><\/div><figcaption class=\"elementor-image-carousel-caption\">Mein Schiff 5<\/figcaption><\/figure><\/div><div class=\"swiper-slide\" role=\"group\" aria-roledescription=\"slide\" aria-label=\"6 von 18\"><figure class=\"swiper-slide-inner\"><img class=\"swiper-slide-image swiper-lazy\" data-src=\"https:\/\/www.cruisevision.tv\/wp-content\/uploads\/elementor\/thumbs\/MS6-qm9867jt2rzj4p67cslhyyhmqeg5oil9r3sx91cxqo.jpg\" alt=\"Mein Schiff 6\" \/><div class=\"swiper-lazy-preloader\"><\/div><figcaption class=\"elementor-image-carousel-caption\">Mein Schiff 6<\/figcaption><\/figure><\/div><div class=\"swiper-slide\" role=\"group\" aria-roledescription=\"slide\" aria-label=\"7 von 18\"><figure class=\"swiper-slide-inner\"><img class=\"swiper-slide-image swiper-lazy\" data-src=\"https:\/\/www.cruisevision.tv\/wp-content\/uploads\/elementor\/thumbs\/mein_schiff_7-r4rwlvex8wak2i7qqbgc5m553j806ovq7l0xlsq1n4.jpg\" alt=\"Mein Schiff 7\" \/><div class=\"swiper-lazy-preloader\"><\/div><figcaption class=\"elementor-image-carousel-caption\">Mein Schiff 7<\/figcaption><\/figure><\/div><div class=\"swiper-slide\" role=\"group\" aria-roledescription=\"slide\" aria-label=\"8 von 18\"><figure class=\"swiper-slide-inner\"><img class=\"swiper-slide-image swiper-lazy\" data-src=\"https:\/\/www.cruisevision.tv\/wp-content\/uploads\/elementor\/thumbs\/Mein-Schiff-Relax-0007--scaled-r4ry46j84amyvfbtlskc7wrwozjgx4hf0dyvtc764w.jpg\" alt=\"Mein Schiff Relax\" \/><div class=\"swiper-lazy-preloader\"><\/div><figcaption class=\"elementor-image-carousel-caption\">Mein Schiff Relax<\/figcaption><\/figure><\/div><div class=\"swiper-slide\" role=\"group\" aria-roledescription=\"slide\" aria-label=\"9 von 18\"><figure class=\"swiper-slide-inner\"><img class=\"swiper-slide-image swiper-lazy\" data-src=\"https:\/\/www.cruisevision.tv\/wp-content\/uploads\/elementor\/thumbs\/EUR-qm98o4d3b4i8d75krjbkhfru8q5ycvp4vrc0gusv68.png\" alt=\"MS Europa\" \/><div class=\"swiper-lazy-preloader\"><\/div><figcaption class=\"elementor-image-carousel-caption\">MS Europa<\/figcaption><\/figure><\/div><div class=\"swiper-slide\" role=\"group\" aria-roledescription=\"slide\" aria-label=\"10 von 18\"><figure class=\"swiper-slide-inner\"><img class=\"swiper-slide-image swiper-lazy\" data-src=\"https:\/\/www.cruisevision.tv\/wp-content\/uploads\/elementor\/thumbs\/EUX-qm98o3f94agy1l6xx0wxwy0dncal56lejmoizku9cg.png\" alt=\"MS Europa 2\" \/><div class=\"swiper-lazy-preloader\"><\/div><figcaption class=\"elementor-image-carousel-caption\">MS Europa 2<\/figcaption><\/figure><\/div><div class=\"swiper-slide\" role=\"group\" aria-roledescription=\"slide\" aria-label=\"11 von 18\"><figure class=\"swiper-slide-inner\"><img class=\"swiper-slide-image swiper-lazy\" data-src=\"https:\/\/www.cruisevision.tv\/wp-content\/uploads\/elementor\/thumbs\/NAT-Option2-scaled-qm9882ack0iw10h9j3g0dzncwrb7v0y7oa4ebolzgw.jpg\" alt=\"Hanseatic Nature\" \/><div class=\"swiper-lazy-preloader\"><\/div><figcaption class=\"elementor-image-carousel-caption\">Hanseatic Nature<\/figcaption><\/figure><\/div><div class=\"swiper-slide\" role=\"group\" aria-roledescription=\"slide\" aria-label=\"12 von 18\"><figure class=\"swiper-slide-inner\"><img class=\"swiper-slide-image swiper-lazy\" data-src=\"https:\/\/www.cruisevision.tv\/wp-content\/uploads\/elementor\/thumbs\/INS-scaled-qm9850b8ceccamx0d9wns9efeod9uftm95sl6b51ow.jpg\" alt=\"Hanseatic Inspiration\" \/><div class=\"swiper-lazy-preloader\"><\/div><figcaption class=\"elementor-image-carousel-caption\">Hanseatic Inspiration<\/figcaption><\/figure><\/div><div class=\"swiper-slide\" role=\"group\" aria-roledescription=\"slide\" aria-label=\"13 von 18\"><figure class=\"swiper-slide-inner\"><img class=\"swiper-slide-image swiper-lazy\" data-src=\"https:\/\/www.cruisevision.tv\/wp-content\/uploads\/elementor\/thumbs\/Spirit-scaled-qm989ccfuw9xtwmd25cqa60y0n07c7126m36u8pp00.jpg\" alt=\"Hanseatic Spirit\" \/><div class=\"swiper-lazy-preloader\"><\/div><figcaption class=\"elementor-image-carousel-caption\">Hanseatic Spirit<\/figcaption><\/figure><\/div><div class=\"swiper-slide\" role=\"group\" aria-roledescription=\"slide\" aria-label=\"14 von 18\"><figure class=\"swiper-slide-inner\"><img class=\"swiper-slide-image swiper-lazy\" data-src=\"https:\/\/www.cruisevision.tv\/wp-content\/uploads\/elementor\/thumbs\/PHX_ama_schiff_03a_AMA_Ankunft_Bremerhaven_WP_2560x1600-qm98rr0np3h36zvsklspm0swta9z2t3tpq0i6bf55c.jpg\" alt=\"MS Amadea\" \/><div class=\"swiper-lazy-preloader\"><\/div><figcaption class=\"elementor-image-carousel-caption\">MS Amadea<\/figcaption><\/figure><\/div><div class=\"swiper-slide\" role=\"group\" aria-roledescription=\"slide\" aria-label=\"15 von 18\"><figure class=\"swiper-slide-inner\"><img class=\"swiper-slide-image swiper-lazy\" data-src=\"https:\/\/www.cruisevision.tv\/wp-content\/uploads\/elementor\/thumbs\/AMR_Banderole_Rueckseite-1-scaled-qm98pqn32uq0d0sxb8ifs12f2m6pm44hrrs480eggg.jpg\" alt=\"MS Amera\" \/><div class=\"swiper-lazy-preloader\"><\/div><figcaption class=\"elementor-image-carousel-caption\">MS Amera<\/figcaption><\/figure><\/div><div class=\"swiper-slide\" role=\"group\" aria-roledescription=\"slide\" aria-label=\"16 von 18\"><figure class=\"swiper-slide-inner\"><img class=\"swiper-slide-image swiper-lazy\" data-src=\"https:\/\/www.cruisevision.tv\/wp-content\/uploads\/elementor\/thumbs\/PHX_ART_aussen_Schiff_Totale_Skagen_Reede_WP_2560_1600-qm98s7xr4448zz77tt3zuwj7i7ykxcyzs1r8taq21c.jpg\" alt=\"MS Artania\" \/><div class=\"swiper-lazy-preloader\"><\/div><figcaption class=\"elementor-image-carousel-caption\">MS Artania<\/figcaption><\/figure><\/div><div class=\"swiper-slide\" role=\"group\" aria-roledescription=\"slide\" aria-label=\"17 von 18\"><figure class=\"swiper-slide-inner\"><img class=\"swiper-slide-image swiper-lazy\" data-src=\"https:\/\/www.cruisevision.tv\/wp-content\/uploads\/elementor\/thumbs\/PHX_Asmussen_DEU_aussen_Schiff_totale_MS_Deutschland_Kiel_Canal_26_05_2018_K_Kaulfuss_3-scaled-qm988uhi91lhpbcayfmtgsj6qbg89y25s5oypzg6a8.jpg\" alt=\"MS Deutschland\" \/><div class=\"swiper-lazy-preloader\"><\/div><figcaption class=\"elementor-image-carousel-caption\">MS Deutschland<\/figcaption><\/figure><\/div><div class=\"swiper-slide\" role=\"group\" aria-roledescription=\"slide\" aria-label=\"18 von 18\"><figure class=\"swiper-slide-inner\"><img class=\"swiper-slide-image swiper-lazy\" data-src=\"https:\/\/www.cruisevision.tv\/wp-content\/uploads\/elementor\/thumbs\/VDG_Websitebild_07-scaled-rjbv5oa78n0n5pl3571ag9akkbbnfngqhy6m4vuj0w.jpg\" alt=\"Vasco da Gama\" \/><div class=\"swiper-lazy-preloader\"><\/div><figcaption class=\"elementor-image-carousel-caption\">Vasco da Gama<\/figcaption><\/figure><\/div>\t\t\t<\/div>\n\t\t\t\t\t\t\t\t\t\t\t\t<div class=\"elementor-swiper-button elementor-swiper-button-prev\" role=\"button\" tabindex=\"0\">\n\t\t\t\t\t\t<i aria-hidden=\"true\" class=\"eicon-chevron-left\"><\/i>\t\t\t\t\t<\/div>\n\t\t\t\t\t<div class=\"elementor-swiper-button elementor-swiper-button-next\" role=\"button\" tabindex=\"0\">\n\t\t\t\t\t\t<i aria-hidden=\"true\" class=\"eicon-chevron-right\"><\/i>\t\t\t\t\t<\/div>\n\t\t\t\t\n\t\t\t\t\t\t\t\t\t<div class=\"swiper-pagination\"><\/div>\n\t\t\t\t\t\t\t\t\t<\/div>\n\t\t\t\t\t\t<\/div>\n\t\t\t\t<\/div>\n\t\t\t\t\t<\/div>\n\t\t<\/div>\n\t\t\t\t\t<\/div>\n\t\t<\/section>\n\t\t\t\t<\/div>\n\t\t","protected":false},"excerpt":{"rendered":"<p>\u00dcber CruiseVision Als exklusiver Foto- und Filmkonzession\u00e4r sind wir auf der Mein Schiff-Flotte von TUI Cruises, auf den 5-Sterne-Plus- und Expeditionsschiffen von Hapag-Lloyd Cruises sowie auf den Hochseekreuzfahrtschiffen von Phoenix Reisen t\u00e4tig. Dar\u00fcber hinaus begleiten wir G\u00e4ste auch an Bord der Vasco da Gama von nicko cruises. Neben unseren Foto- und Filmservices sind wir auch [&hellip;]<\/p>\n","protected":false},"author":1,"featured_media":0,"parent":0,"menu_order":1,"comment_status":"closed","ping_status":"closed","template":"","meta":{"inline_featured_image":false,"footnotes":""},"class_list":["post-855","page","type-page","status-publish","hentry"],"_links":{"self":[{"href":"https:\/\/www.cruisevision.tv\/de\/wp-json\/wp\/v2\/pages\/855","targetHints":{"allow":["GET"]}}],"collection":[{"href":"https:\/\/www.cruisevision.tv\/de\/wp-json\/wp\/v2\/pages"}],"about":[{"href":"https:\/\/www.cruisevision.tv\/de\/wp-json\/wp\/v2\/types\/page"}],"author":[{"embeddable":true,"href":"https:\/\/www.cruisevision.tv\/de\/wp-json\/wp\/v2\/users\/1"}],"replies":[{"embeddable":true,"href":"https:\/\/www.cruisevision.tv\/de\/wp-json\/wp\/v2\/comments?post=855"}],"version-history":[{"count":46,"href":"https:\/\/www.cruisevision.tv\/de\/wp-json\/wp\/v2\/pages\/855\/revisions"}],"predecessor-version":[{"id":1408,"href":"https:\/\/www.cruisevision.tv\/de\/wp-json\/wp\/v2\/pages\/855\/revisions\/1408"}],"wp:attachment":[{"href":"https:\/\/www.cruisevision.tv\/de\/wp-json\/wp\/v2\/media?parent=855"}],"curies":[{"name":"wp","href":"https:\/\/api.w.org\/{rel}","templated":true}]}}